{"id":5886,"date":"2025-07-14T07:22:17","date_gmt":"2025-07-14T07:22:17","guid":{"rendered":"https:\/\/hidroingenia.com?page_id=5886"},"modified":"2026-03-06T09:59:08","modified_gmt":"2026-03-06T09:59:08","slug":"blog-2","status":"publish","type":"page","link":"https:\/\/hidroingenia.com\/de\/blog-2\/","title":{"rendered":"Blog"},"content":{"rendered":"<style>.elementor-5886 .elementor-element.elementor-element-c81f665{--display:flex;}.elementor-widget-heading .elementor-heading-title{font-family:var( --e-global-typography-primary-font-family ), Sans-serif;font-weight:var( --e-global-typography-primary-font-weight );color:var( --e-global-color-primary );}.elementor-5886 .elementor-element.elementor-element-84ad19b{text-align:center;margin:0px 0px calc(var(--kit-widget-spacing, 0px) + 0px) -8px;}.elementor-5886 .elementor-element.elementor-element-84ad19b .elementor-heading-title{font-family:\"Trebuchet MS\", Sans-serif;font-weight:600;color:#003B5C;}.elementor-widget-posts .elementor-post__title, .elementor-widget-posts .elementor-post__title a{color:var( --e-global-color-secondary );font-family:var( --e-global-typography-primary-font-family ), Sans-serif;font-weight:var( --e-global-typography-primary-font-weight );}.elementor-widget-posts .elementor-post__meta-data{font-family:var( --e-global-typography-secondary-font-family ), Sans-serif;font-weight:var( --e-global-typography-secondary-font-weight );}.elementor-widget-posts .elementor-post__excerpt p{font-family:var( --e-global-typography-text-font-family ), Sans-serif;font-weight:var( --e-global-typography-text-font-weight );}.elementor-widget-posts .elementor-post__read-more{color:var( --e-global-color-accent );}.elementor-widget-posts a.elementor-post__read-more{font-family:var( --e-global-typography-accent-font-family ), Sans-serif;font-weight:var( --e-global-typography-accent-font-weight );}.elementor-widget-posts .elementor-post__card .elementor-post__badge{background-color:var( --e-global-color-accent );font-family:var( --e-global-typography-accent-font-family ), Sans-serif;font-weight:var( --e-global-typography-accent-font-weight );}.elementor-widget-posts .elementor-pagination{font-family:var( --e-global-typography-secondary-font-family ), Sans-serif;font-weight:var( --e-global-typography-secondary-font-weight );}.elementor-widget-posts .elementor-button{font-family:var( --e-global-typography-accent-font-family ), Sans-serif;font-weight:var( --e-global-typography-accent-font-weight );background-color:var( --e-global-color-accent );}.elementor-widget-posts .e-load-more-message{font-family:var( --e-global-typography-secondary-font-family ), Sans-serif;font-weight:var( --e-global-typography-secondary-font-weight );}.elementor-5886 .elementor-element.elementor-element-4d35304 .elementor-posts-container .elementor-post__thumbnail{padding-bottom:calc( 0.55 * 100% );}.elementor-5886 .elementor-element.elementor-element-4d35304:after{content:\"0.55\";}.elementor-5886 .elementor-element.elementor-element-4d35304 .elementor-post__thumbnail__link{width:100%;}.elementor-5886 .elementor-element.elementor-element-4d35304 .elementor-post__meta-data span + span:before{content:\"\/\/\/\";}.elementor-5886 .elementor-element.elementor-element-4d35304{--grid-column-gap:19px;--grid-row-gap:28px;}.elementor-5886 .elementor-element.elementor-element-4d35304 .elementor-post{border-style:solid;border-width:0px 0px 0px 0px;border-radius:0px;padding:10px 10px 10px 10px;background-color:#FFFFFF;border-color:#1478DF;}.elementor-5886 .elementor-element.elementor-element-4d35304 .elementor-post__text{padding:10px 10px 10px 10px;}.elementor-5886 .elementor-element.elementor-element-4d35304 .elementor-post__thumbnail{border-radius:25px 25px 25px 25px;}.elementor-5886 .elementor-element.elementor-element-4d35304.elementor-posts--thumbnail-left .elementor-post__thumbnail__link{margin-right:20px;}.elementor-5886 .elementor-element.elementor-element-4d35304.elementor-posts--thumbnail-right .elementor-post__thumbnail__link{margin-left:20px;}.elementor-5886 .elementor-element.elementor-element-4d35304.elementor-posts--thumbnail-top .elementor-post__thumbnail__link{margin-bottom:20px;}.elementor-5886 .elementor-element.elementor-element-4d35304 .elementor-post__title, .elementor-5886 .elementor-element.elementor-element-4d35304 .elementor-post__title a{color:#003B5C;font-family:\"Roboto\", Sans-serif;font-size:15px;font-weight:600;text-decoration:none;line-height:20px;letter-spacing:0px;word-spacing:0px;}.elementor-5886 .elementor-element.elementor-element-4d35304 .elementor-post__title{-webkit-text-stroke-width:0px;stroke-width:0px;-webkit-text-stroke-color:#000;stroke:#000;margin-bottom:0px;}.elementor-5886 .elementor-element.elementor-element-4d35304 .elementor-post__meta-data{color:#1D0909;}.elementor-5886 .elementor-element.elementor-element-4d35304 .elementor-pagination{text-align:center;}body:not(.rtl) .elementor-5886 .elementor-element.elementor-element-4d35304 .elementor-pagination .page-numbers:not(:first-child){margin-left:calc( 10px\/2 );}body:not(.rtl) .elementor-5886 .elementor-element.elementor-element-4d35304 .elementor-pagination .page-numbers:not(:last-child){margin-right:calc( 10px\/2 );}body.rtl .elementor-5886 .elementor-element.elementor-element-4d35304 .elementor-pagination .page-numbers:not(:first-child){margin-right:calc( 10px\/2 );}body.rtl .elementor-5886 .elementor-element.elementor-element-4d35304 .elementor-pagination .page-numbers:not(:last-child){margin-left:calc( 10px\/2 );}.elementor-5886 .elementor-element.elementor-element-4d35304 > .elementor-widget-container{margin:0px 0px 0px 0px;}.elementor-5886 .elementor-element.elementor-element-4d35304.elementor-element{--align-self:flex-start;}:root{--page-title-display:none;}@media(max-width:767px){.elementor-5886 .elementor-element.elementor-element-4d35304 .elementor-posts-container .elementor-post__thumbnail{padding-bottom:calc( 0.5 * 100% );}.elementor-5886 .elementor-element.elementor-element-4d35304:after{content:\"0.5\";}.elementor-5886 .elementor-element.elementor-element-4d35304 .elementor-post__thumbnail__link{width:100%;}}<\/style>\t\t<div data-elementor-type=\"wp-page\" data-elementor-id=\"5886\" class=\"elementor elementor-5886\" data-elementor-post-type=\"page\">\n\t\t\t\t<div class=\"elementor-element elementor-element-c81f665 e-flex e-con-boxed e-con e-parent\" data-id=\"c81f665\" data-element_type=\"container\" data-e-type=\"container\">\n\t\t\t\t\t<div class=\"e-con-inner\">\n\t\t\t\t<div class=\"elementor-element elementor-element-84ad19b elementor-widget elementor-widget-heading\" data-id=\"84ad19b\" data-element_type=\"widget\" data-e-type=\"widget\" data-widget_type=\"heading.default\">\n\t\t\t\t\t<h2 class=\"elementor-heading-title elementor-size-default\">Noticias y novedades<\/h2>\t\t\t\t<\/div>\n\t\t\t\t<div class=\"elementor-element elementor-element-4d35304 elementor-posts--align-left elementor-grid-3 elementor-grid-tablet-2 elementor-grid-mobile-1 elementor-posts--thumbnail-top elementor-widget elementor-widget-posts\" data-id=\"4d35304\" data-element_type=\"widget\" data-e-type=\"widget\" data-settings=\"{&quot;classic_row_gap&quot;:{&quot;unit&quot;:&quot;px&quot;,&quot;size&quot;:28,&quot;sizes&quot;:[]},&quot;pagination_type&quot;:&quot;numbers&quot;,&quot;classic_columns&quot;:&quot;3&quot;,&quot;classic_columns_tablet&quot;:&quot;2&quot;,&quot;classic_columns_mobile&quot;:&quot;1&quot;,&quot;classic_row_gap_tablet&quot;:{&quot;unit&quot;:&quot;px&quot;,&quot;size&quot;:&quot;&quot;,&quot;sizes&quot;:[]},&quot;classic_row_gap_mobile&quot;:{&quot;unit&quot;:&quot;px&quot;,&quot;size&quot;:&quot;&quot;,&quot;sizes&quot;:[]}}\" data-widget_type=\"posts.classic\">\n\t\t\t\t<div class=\"elementor-widget-container\">\n\t\t\t\t\t\t\t<div class=\"elementor-posts-container elementor-posts elementor-posts--skin-classic elementor-grid\" role=\"list\">\n\t\t\t\t<article class=\"elementor-post elementor-grid-item post-9455 post type-post status-publish format-standard has-post-thumbnail hentry category-blog\" role=\"listitem\">\n\t\t\t\t<a class=\"elementor-post__thumbnail__link\" href=\"https:\/\/hidroingenia.com\/de\/piscinas-en-hoteles-como-influye-el-diseno-hidraulico-en-la-experiencia-del-cliente\/\" tabindex=\"-1\">\n\t\t\t<div class=\"elementor-post__thumbnail\"><img fetchpriority=\"high\" decoding=\"async\" width=\"1536\" height=\"864\" src=\"https:\/\/hidroingenia.com\/wp-content\/uploads\/2026\/04\/BLOG-21-1536x864.png\" class=\"attachment-1536x1536 size-1536x1536 wp-image-9458\" alt=\"\" srcset=\"https:\/\/hidroingenia.com\/wp-content\/uploads\/2026\/04\/BLOG-21-1536x864.png 1536w, https:\/\/hidroingenia.com\/wp-content\/uploads\/2026\/04\/BLOG-21-300x169.png 300w, https:\/\/hidroingenia.com\/wp-content\/uploads\/2026\/04\/BLOG-21-1024x576.png 1024w, https:\/\/hidroingenia.com\/wp-content\/uploads\/2026\/04\/BLOG-21-768x432.png 768w, https:\/\/hidroingenia.com\/wp-content\/uploads\/2026\/04\/BLOG-21-2048x1152.png 2048w, https:\/\/hidroingenia.com\/wp-content\/uploads\/2026\/04\/BLOG-21-18x10.png 18w\" sizes=\"(max-width: 1536px) 100vw, 1536px\" \/><\/div>\n\t\t<\/a>\n\t\t\t\t<div class=\"elementor-post__text\">\n\t\t\t\t<h3 class=\"elementor-post__title\">\n\t\t\t<a href=\"https:\/\/hidroingenia.com\/de\/piscinas-en-hoteles-como-influye-el-diseno-hidraulico-en-la-experiencia-del-cliente\/\">\n\t\t\t\tPiscinas en hoteles: c\u00f3mo influye el dise\u00f1o hidr\u00e1ulico en la experiencia del cliente\t\t\t<\/a>\n\t\t<\/h3>\n\t\t\t\t<div class=\"elementor-post__meta-data\">\n\t\t\t\t\t<span class=\"elementor-post-date\">\n\t\t\tApril 9, 2026\t\t<\/span>\n\t\t\t\t<span class=\"elementor-post-avatar\">\n\t\t\tKeine Kommentare\t\t<\/span>\n\t\t\t\t<\/div>\n\t\t\t\t<div class=\"elementor-post__excerpt\">\n\t\t\t<p>Descubre c\u00f3mo el dise\u00f1o hidr\u00e1ulico de una piscina influye en la experiencia del cliente en hoteles y resorts: confort, est\u00e9tica y eficiencia<\/p>\n\t\t<\/div>\n\t\t\n\t\t<a class=\"elementor-post__read-more\" href=\"https:\/\/hidroingenia.com\/de\/piscinas-en-hoteles-como-influye-el-diseno-hidraulico-en-la-experiencia-del-cliente\/\" aria-label=\"Mehr \u00fcber Piscinas en hoteles: c\u00f3mo influye el dise\u00f1o hidr\u00e1ulico en la experiencia del cliente\" tabindex=\"-1\">\n\t\t\tMehr lesen \u00bb\t\t<\/a>\n\n\t\t\t\t<\/div>\n\t\t\t\t<\/article>\n\t\t\t\t<article class=\"elementor-post elementor-grid-item post-6657 post type-post status-publish format-standard has-post-thumbnail hentry category-blog\" role=\"listitem\">\n\t\t\t\t<a class=\"elementor-post__thumbnail__link\" href=\"https:\/\/hidroingenia.com\/de\/la-importancia-del-control-de-ph-y-cloro-en-piscinas-como-automatizar-el-proceso-para-un-agua-impecable\/\" tabindex=\"-1\">\n\t\t\t<div class=\"elementor-post__thumbnail\"><img decoding=\"async\" width=\"1536\" height=\"864\" src=\"https:\/\/hidroingenia.com\/wp-content\/uploads\/2025\/09\/BLOG-21-2-1536x864.png\" class=\"attachment-1536x1536 size-1536x1536 wp-image-6659\" alt=\"\" srcset=\"https:\/\/hidroingenia.com\/wp-content\/uploads\/2025\/09\/BLOG-21-2-1536x864.png 1536w, https:\/\/hidroingenia.com\/wp-content\/uploads\/2025\/09\/BLOG-21-2-300x169.png 300w, https:\/\/hidroingenia.com\/wp-content\/uploads\/2025\/09\/BLOG-21-2-1024x576.png 1024w, https:\/\/hidroingenia.com\/wp-content\/uploads\/2025\/09\/BLOG-21-2-768x432.png 768w, https:\/\/hidroingenia.com\/wp-content\/uploads\/2025\/09\/BLOG-21-2-2048x1152.png 2048w\" sizes=\"(max-width: 1536px) 100vw, 1536px\" \/><\/div>\n\t\t<\/a>\n\t\t\t\t<div class=\"elementor-post__text\">\n\t\t\t\t<h3 class=\"elementor-post__title\">\n\t\t\t<a href=\"https:\/\/hidroingenia.com\/de\/la-importancia-del-control-de-ph-y-cloro-en-piscinas-como-automatizar-el-proceso-para-un-agua-impecable\/\">\n\t\t\t\tLa importancia del control de pH y cloro en piscinas: c\u00f3mo automatizar el proceso para un agua impecable\t\t\t<\/a>\n\t\t<\/h3>\n\t\t\t\t<div class=\"elementor-post__meta-data\">\n\t\t\t\t\t<span class=\"elementor-post-date\">\n\t\t\tApril 3, 2026\t\t<\/span>\n\t\t\t\t<span class=\"elementor-post-avatar\">\n\t\t\tKeine Kommentare\t\t<\/span>\n\t\t\t\t<\/div>\n\t\t\t\t<div class=\"elementor-post__excerpt\">\n\t\t\t<p>Aprende c\u00f3mo automatizar el control de pH y cloro en piscinas para garantizar un agua cristalina y saludable. Descubre los beneficios de los sistemas automatizados de control de calidad del agua y c\u00f3mo optimizar el mantenimiento de tus instalaciones acu\u00e1ticas.<\/p>\n\t\t<\/div>\n\t\t\n\t\t<a class=\"elementor-post__read-more\" href=\"https:\/\/hidroingenia.com\/de\/la-importancia-del-control-de-ph-y-cloro-en-piscinas-como-automatizar-el-proceso-para-un-agua-impecable\/\" aria-label=\"Mehr \u00fcber La importancia del control de pH y cloro en piscinas: c\u00f3mo automatizar el proceso para un agua impecable\" tabindex=\"-1\">\n\t\t\tMehr lesen \u00bb\t\t<\/a>\n\n\t\t\t\t<\/div>\n\t\t\t\t<\/article>\n\t\t\t\t<article class=\"elementor-post elementor-grid-item post-6685 post type-post status-publish format-standard has-post-thumbnail hentry category-blog\" role=\"listitem\">\n\t\t\t\t<a class=\"elementor-post__thumbnail__link\" href=\"https:\/\/hidroingenia.com\/de\/como-disenar-piscinas-naturales-eficientes-claves-para-un-proyecto-sostenible-y-funcional\/\" tabindex=\"-1\">\n\t\t\t<div class=\"elementor-post__thumbnail\"><img decoding=\"async\" width=\"1536\" height=\"864\" src=\"https:\/\/hidroingenia.com\/wp-content\/uploads\/2025\/09\/BLOG-21-1536x864.png\" class=\"attachment-1536x1536 size-1536x1536 wp-image-6687\" alt=\"\" srcset=\"https:\/\/hidroingenia.com\/wp-content\/uploads\/2025\/09\/BLOG-21-1536x864.png 1536w, https:\/\/hidroingenia.com\/wp-content\/uploads\/2025\/09\/BLOG-21-300x169.png 300w, https:\/\/hidroingenia.com\/wp-content\/uploads\/2025\/09\/BLOG-21-1024x576.png 1024w, https:\/\/hidroingenia.com\/wp-content\/uploads\/2025\/09\/BLOG-21-768x432.png 768w, https:\/\/hidroingenia.com\/wp-content\/uploads\/2025\/09\/BLOG-21-2048x1152.png 2048w\" sizes=\"(max-width: 1536px) 100vw, 1536px\" \/><\/div>\n\t\t<\/a>\n\t\t\t\t<div class=\"elementor-post__text\">\n\t\t\t\t<h3 class=\"elementor-post__title\">\n\t\t\t<a href=\"https:\/\/hidroingenia.com\/de\/como-disenar-piscinas-naturales-eficientes-claves-para-un-proyecto-sostenible-y-funcional\/\">\n\t\t\t\tC\u00f3mo dise\u00f1ar piscinas naturales eficientes: Claves para un proyecto sostenible y funcional\t\t\t<\/a>\n\t\t<\/h3>\n\t\t\t\t<div class=\"elementor-post__meta-data\">\n\t\t\t\t\t<span class=\"elementor-post-date\">\n\t\t\tM\u00e4rz 27, 2026\t\t<\/span>\n\t\t\t\t<span class=\"elementor-post-avatar\">\n\t\t\tKeine Kommentare\t\t<\/span>\n\t\t\t\t<\/div>\n\t\t\t\t<div class=\"elementor-post__excerpt\">\n\t\t\t<p>Descubre c\u00f3mo dise\u00f1ar piscinas naturales eficientes, combinando tecnolog\u00eda avanzada con soluciones sostenibles para un proyecto funcional y est\u00e9ticamente arm\u00f3nico. Aprende las claves para un dise\u00f1o de piscinas naturales que optimice el uso de recursos y garantice durabilidad.<\/p>\n\t\t<\/div>\n\t\t\n\t\t<a class=\"elementor-post__read-more\" href=\"https:\/\/hidroingenia.com\/de\/como-disenar-piscinas-naturales-eficientes-claves-para-un-proyecto-sostenible-y-funcional\/\" aria-label=\"Mehr \u00fcber C\u00f3mo dise\u00f1ar piscinas naturales eficientes: Claves para un proyecto sostenible y funcional\" tabindex=\"-1\">\n\t\t\tMehr lesen \u00bb\t\t<\/a>\n\n\t\t\t\t<\/div>\n\t\t\t\t<\/article>\n\t\t\t\t<article class=\"elementor-post elementor-grid-item post-7560 post type-post status-publish format-standard has-post-thumbnail hentry category-blog\" role=\"listitem\">\n\t\t\t\t<a class=\"elementor-post__thumbnail__link\" href=\"https:\/\/hidroingenia.com\/de\/parques-acuaticos-diversion-atracciones-y-proyectos-unicos\/\" tabindex=\"-1\">\n\t\t\t<div class=\"elementor-post__thumbnail\"><img loading=\"lazy\" decoding=\"async\" width=\"1536\" height=\"864\" src=\"https:\/\/hidroingenia.com\/wp-content\/uploads\/2025\/10\/BLOG-21-1536x864.webp\" class=\"attachment-1536x1536 size-1536x1536 wp-image-7565\" alt=\"\" srcset=\"https:\/\/hidroingenia.com\/wp-content\/uploads\/2025\/10\/BLOG-21-1536x864.webp 1536w, https:\/\/hidroingenia.com\/wp-content\/uploads\/2025\/10\/BLOG-21-300x169.webp 300w, https:\/\/hidroingenia.com\/wp-content\/uploads\/2025\/10\/BLOG-21-1024x576.webp 1024w, https:\/\/hidroingenia.com\/wp-content\/uploads\/2025\/10\/BLOG-21-768x432.webp 768w, https:\/\/hidroingenia.com\/wp-content\/uploads\/2025\/10\/BLOG-21-2048x1152.webp 2048w\" sizes=\"(max-width: 1536px) 100vw, 1536px\" \/><\/div>\n\t\t<\/a>\n\t\t\t\t<div class=\"elementor-post__text\">\n\t\t\t\t<h3 class=\"elementor-post__title\">\n\t\t\t<a href=\"https:\/\/hidroingenia.com\/de\/parques-acuaticos-diversion-atracciones-y-proyectos-unicos\/\">\n\t\t\t\tParques acu\u00e1ticos: diversi\u00f3n, atracciones y proyectos \u00fanicos\t\t\t<\/a>\n\t\t<\/h3>\n\t\t\t\t<div class=\"elementor-post__meta-data\">\n\t\t\t\t\t<span class=\"elementor-post-date\">\n\t\t\tM\u00e4rz 13, 2026\t\t<\/span>\n\t\t\t\t<span class=\"elementor-post-avatar\">\n\t\t\tKeine Kommentare\t\t<\/span>\n\t\t\t\t<\/div>\n\t\t\t\t<div class=\"elementor-post__excerpt\">\n\t\t\t<p>Parques acu\u00e1ticos: diversi\u00f3n, atracciones y proyectos \u00fanicos Los parques acu\u00e1ticos se han consolidado como uno de los destinos m\u00e1s atractivos para el ocio familiar y<\/p>\n\t\t<\/div>\n\t\t\n\t\t<a class=\"elementor-post__read-more\" href=\"https:\/\/hidroingenia.com\/de\/parques-acuaticos-diversion-atracciones-y-proyectos-unicos\/\" aria-label=\"Mehr \u00fcber Parques acu\u00e1ticos: diversi\u00f3n, atracciones y proyectos \u00fanicos\" tabindex=\"-1\">\n\t\t\tMehr lesen \u00bb\t\t<\/a>\n\n\t\t\t\t<\/div>\n\t\t\t\t<\/article>\n\t\t\t\t<article class=\"elementor-post elementor-grid-item post-7572 post type-post status-publish format-standard has-post-thumbnail hentry category-blog\" role=\"listitem\">\n\t\t\t\t<a class=\"elementor-post__thumbnail__link\" href=\"https:\/\/hidroingenia.com\/de\/piscinas-deportivas-innovacion-y-diseno-en-instalaciones-acuaticas-de-alto-rendimiento\/\" tabindex=\"-1\">\n\t\t\t<div class=\"elementor-post__thumbnail\"><img loading=\"lazy\" decoding=\"async\" width=\"1536\" height=\"864\" src=\"https:\/\/hidroingenia.com\/wp-content\/uploads\/2025\/10\/BLOG-21-_2_-1536x864.webp\" class=\"attachment-1536x1536 size-1536x1536 wp-image-7576\" alt=\"\" srcset=\"https:\/\/hidroingenia.com\/wp-content\/uploads\/2025\/10\/BLOG-21-_2_-1536x864.webp 1536w, https:\/\/hidroingenia.com\/wp-content\/uploads\/2025\/10\/BLOG-21-_2_-300x169.webp 300w, https:\/\/hidroingenia.com\/wp-content\/uploads\/2025\/10\/BLOG-21-_2_-1024x576.webp 1024w, https:\/\/hidroingenia.com\/wp-content\/uploads\/2025\/10\/BLOG-21-_2_-768x432.webp 768w, https:\/\/hidroingenia.com\/wp-content\/uploads\/2025\/10\/BLOG-21-_2_-2048x1152.webp 2048w\" sizes=\"(max-width: 1536px) 100vw, 1536px\" \/><\/div>\n\t\t<\/a>\n\t\t\t\t<div class=\"elementor-post__text\">\n\t\t\t\t<h3 class=\"elementor-post__title\">\n\t\t\t<a href=\"https:\/\/hidroingenia.com\/de\/piscinas-deportivas-innovacion-y-diseno-en-instalaciones-acuaticas-de-alto-rendimiento\/\">\n\t\t\t\tPiscinas deportivas: innovaci\u00f3n y dise\u00f1o en instalaciones acu\u00e1ticas de alto rendimiento\t\t\t<\/a>\n\t\t<\/h3>\n\t\t\t\t<div class=\"elementor-post__meta-data\">\n\t\t\t\t\t<span class=\"elementor-post-date\">\n\t\t\tM\u00e4rz 6, 2026\t\t<\/span>\n\t\t\t\t<span class=\"elementor-post-avatar\">\n\t\t\tKeine Kommentare\t\t<\/span>\n\t\t\t\t<\/div>\n\t\t\t\t<div class=\"elementor-post__excerpt\">\n\t\t\t<p>Descubre los tipos de piscinas deportivas, sus caracter\u00edsticas y nuestros proyectos en competici\u00f3n, entrenamiento y nuevas disciplinas.<\/p>\n\t\t<\/div>\n\t\t\n\t\t<a class=\"elementor-post__read-more\" href=\"https:\/\/hidroingenia.com\/de\/piscinas-deportivas-innovacion-y-diseno-en-instalaciones-acuaticas-de-alto-rendimiento\/\" aria-label=\"Mehr \u00fcber Piscinas deportivas: innovaci\u00f3n y dise\u00f1o en instalaciones acu\u00e1ticas de alto rendimiento\" tabindex=\"-1\">\n\t\t\tMehr lesen \u00bb\t\t<\/a>\n\n\t\t\t\t<\/div>\n\t\t\t\t<\/article>\n\t\t\t\t<article class=\"elementor-post elementor-grid-item post-7771 post type-post status-publish format-standard has-post-thumbnail hentry category-blog\" role=\"listitem\">\n\t\t\t\t<a class=\"elementor-post__thumbnail__link\" href=\"https:\/\/hidroingenia.com\/de\/piscinas-wellness-el-equilibrio-perfecto-entre-tecnologia-salud-y-relax\/\" tabindex=\"-1\">\n\t\t\t<div class=\"elementor-post__thumbnail\"><img loading=\"lazy\" decoding=\"async\" width=\"1536\" height=\"864\" src=\"https:\/\/hidroingenia.com\/wp-content\/uploads\/2026\/02\/BLOG-21-5_11zon-1536x864.webp\" class=\"attachment-1536x1536 size-1536x1536 wp-image-7773\" alt=\"\" srcset=\"https:\/\/hidroingenia.com\/wp-content\/uploads\/2026\/02\/BLOG-21-5_11zon-1536x864.webp 1536w, https:\/\/hidroingenia.com\/wp-content\/uploads\/2026\/02\/BLOG-21-5_11zon-300x169.webp 300w, https:\/\/hidroingenia.com\/wp-content\/uploads\/2026\/02\/BLOG-21-5_11zon-1024x576.webp 1024w, https:\/\/hidroingenia.com\/wp-content\/uploads\/2026\/02\/BLOG-21-5_11zon-768x432.webp 768w, https:\/\/hidroingenia.com\/wp-content\/uploads\/2026\/02\/BLOG-21-5_11zon-2048x1152.webp 2048w\" sizes=\"(max-width: 1536px) 100vw, 1536px\" \/><\/div>\n\t\t<\/a>\n\t\t\t\t<div class=\"elementor-post__text\">\n\t\t\t\t<h3 class=\"elementor-post__title\">\n\t\t\t<a href=\"https:\/\/hidroingenia.com\/de\/piscinas-wellness-el-equilibrio-perfecto-entre-tecnologia-salud-y-relax\/\">\n\t\t\t\tPiscinas wellness: el equilibrio perfecto entre tecnolog\u00eda, salud y relax\t\t\t<\/a>\n\t\t<\/h3>\n\t\t\t\t<div class=\"elementor-post__meta-data\">\n\t\t\t\t\t<span class=\"elementor-post-date\">\n\t\t\tFebruar 27, 2026\t\t<\/span>\n\t\t\t\t<span class=\"elementor-post-avatar\">\n\t\t\tKeine Kommentare\t\t<\/span>\n\t\t\t\t<\/div>\n\t\t\t\t<div class=\"elementor-post__excerpt\">\n\t\t\t<p>Las piscinas wellness combinan dise\u00f1o, tecnolog\u00eda y bienestar. En Hidroingenia creamos espacios acu\u00e1ticos que integran chorros de masaje, camas de burbujas y zonas de relax para transformar cada ba\u00f1o en una experiencia terap\u00e9utica.<\/p>\n\t\t<\/div>\n\t\t\n\t\t<a class=\"elementor-post__read-more\" href=\"https:\/\/hidroingenia.com\/de\/piscinas-wellness-el-equilibrio-perfecto-entre-tecnologia-salud-y-relax\/\" aria-label=\"Mehr \u00fcber Piscinas wellness: el equilibrio perfecto entre tecnolog\u00eda, salud y relax\" tabindex=\"-1\">\n\t\t\tMehr lesen \u00bb\t\t<\/a>\n\n\t\t\t\t<\/div>\n\t\t\t\t<\/article>\n\t\t\t\t<\/div>\n\t\t\n\t\t\t\t<div class=\"e-load-more-anchor\" data-page=\"1\" data-max-page=\"6\" data-next-page=\"https:\/\/hidroingenia.com\/de\/?e-page-4d35304=2\"><\/div>\n\t\t\t\t<nav class=\"elementor-pagination\" aria-label=\"Seitennummerierung\">\n\t\t\t<span aria-current=\"page\" class=\"page-numbers current\"><span class=\"elementor-screen-only\">Seite<\/span>1<\/span>\n<a class=\"page-numbers\" href=\"https:\/\/hidroingenia.com\/de\/wp-json\/wp\/v2\/pages\/5886\/?e-page-4d35304=2\"><span class=\"elementor-screen-only\">Seite<\/span>2<\/a>\n<a class=\"page-numbers\" href=\"https:\/\/hidroingenia.com\/de\/wp-json\/wp\/v2\/pages\/5886\/?e-page-4d35304=3\"><span class=\"elementor-screen-only\">Seite<\/span>3<\/a>\n<a class=\"page-numbers\" href=\"https:\/\/hidroingenia.com\/de\/wp-json\/wp\/v2\/pages\/5886\/?e-page-4d35304=4\"><span class=\"elementor-screen-only\">Seite<\/span>4<\/a>\n<a class=\"page-numbers\" href=\"https:\/\/hidroingenia.com\/de\/wp-json\/wp\/v2\/pages\/5886\/?e-page-4d35304=5\"><span class=\"elementor-screen-only\">Seite<\/span>5<\/a>\n<a class=\"page-numbers\" href=\"https:\/\/hidroingenia.com\/de\/wp-json\/wp\/v2\/pages\/5886\/?e-page-4d35304=6\"><span class=\"elementor-screen-only\">Seite<\/span>6<\/a>\t\t<\/nav>\n\t\t\t\t\t\t<\/div>\n\t\t\t\t<\/div>\n\t\t\t\t\t<\/div>\n\t\t\t\t<\/div>\n\t\t\t\t<\/div>","protected":false},"excerpt":{"rendered":"<p>Noticias y novedades<\/p>","protected":false},"author":2,"featured_media":0,"parent":0,"menu_order":0,"comment_status":"closed","ping_status":"closed","template":"","meta":{"footnotes":""},"class_list":["post-5886","page","type-page","status-publish","hentry"],"_links":{"self":[{"href":"https:\/\/hidroingenia.com\/de\/wp-json\/wp\/v2\/pages\/5886","targetHints":{"allow":["GET"]}}],"collection":[{"href":"https:\/\/hidroingenia.com\/de\/wp-json\/wp\/v2\/pages"}],"about":[{"href":"https:\/\/hidroingenia.com\/de\/wp-json\/wp\/v2\/types\/page"}],"author":[{"embeddable":true,"href":"https:\/\/hidroingenia.com\/de\/wp-json\/wp\/v2\/users\/2"}],"replies":[{"embeddable":true,"href":"https:\/\/hidroingenia.com\/de\/wp-json\/wp\/v2\/comments?post=5886"}],"version-history":[{"count":40,"href":"https:\/\/hidroingenia.com\/de\/wp-json\/wp\/v2\/pages\/5886\/revisions"}],"predecessor-version":[{"id":9019,"href":"https:\/\/hidroingenia.com\/de\/wp-json\/wp\/v2\/pages\/5886\/revisions\/9019"}],"wp:attachment":[{"href":"https:\/\/hidroingenia.com\/de\/wp-json\/wp\/v2\/media?parent=5886"}],"curies":[{"name":"wp","href":"https:\/\/api.w.org\/{rel}","templated":true}]}}