{"id":6611,"date":"2025-08-29T10:52:40","date_gmt":"2025-08-29T10:52:40","guid":{"rendered":"https:\/\/hidroingenia.com\/?page_id=6611"},"modified":"2025-08-29T11:03:23","modified_gmt":"2025-08-29T11:03:23","slug":"privacy-policy","status":"publish","type":"page","link":"https:\/\/hidroingenia.com\/en\/politicas-de-privacidad\/","title":{"rendered":"Privacy Policy"},"content":{"rendered":"<style>.elementor-6611 .elementor-element.elementor-element-8762053{--display:flex;}.elementor-widget-heading .elementor-heading-title{font-family:var( --e-global-typography-primary-font-family ), Sans-serif;font-weight:var( --e-global-typography-primary-font-weight );color:var( --e-global-color-primary );}.elementor-6611 .elementor-element.elementor-element-95cb445{text-align:center;}.elementor-6611 .elementor-element.elementor-element-95cb445 .elementor-heading-title{font-family:\"Roboto\", Sans-serif;font-size:60px;font-weight:600;}.elementor-6611 .elementor-element.elementor-element-5335641{--display:flex;}.elementor-widget-text-editor{font-family:var( --e-global-typography-text-font-family ), Sans-serif;font-weight:var( --e-global-typography-text-font-weight );color:var( --e-global-color-text );}.elementor-widget-text-editor.elementor-drop-cap-view-stacked .elementor-drop-cap{background-color:var( --e-global-color-primary );}.elementor-widget-text-editor.elementor-drop-cap-view-framed .elementor-drop-cap, .elementor-widget-text-editor.elementor-drop-cap-view-default .elementor-drop-cap{color:var( --e-global-color-primary );border-color:var( --e-global-color-primary );}.elementor-6611 .elementor-element.elementor-element-825cbb3{--display:flex;}:root{--page-title-display:none;}<\/style>\t\t<div data-elementor-type=\"wp-page\" data-elementor-id=\"6611\" class=\"elementor elementor-6611\" data-elementor-post-type=\"page\">\n\t\t\t\t<div class=\"elementor-element elementor-element-8762053 e-flex e-con-boxed e-con e-parent\" data-id=\"8762053\" data-element_type=\"container\" data-e-type=\"container\">\n\t\t\t\t\t<div class=\"e-con-inner\">\n\t\t\t\t<div class=\"elementor-element elementor-element-95cb445 elementor-widget elementor-widget-heading\" data-id=\"95cb445\" data-element_type=\"widget\" data-e-type=\"widget\" data-widget_type=\"heading.default\">\n\t\t\t\t\t<h2 class=\"elementor-heading-title elementor-size-default\">Pol\u00edticas de privacidad<\/h2>\t\t\t\t<\/div>\n\t\t\t\t\t<\/div>\n\t\t\t\t<\/div>\n\t\t<div class=\"elementor-element elementor-element-5335641 e-flex e-con-boxed e-con e-parent\" data-id=\"5335641\" data-element_type=\"container\" data-e-type=\"container\">\n\t\t\t\t\t<div class=\"e-con-inner\">\n\t\t\t\t<div class=\"elementor-element elementor-element-6b8d661 elementor-widget elementor-widget-text-editor\" data-id=\"6b8d661\" data-element_type=\"widget\" data-e-type=\"widget\" data-widget_type=\"text-editor.default\">\n\t\t\t\t\t\t\t\t\t<p>El presente documento de Pol\u00edtica de Privacidad concreta los t\u00e9rminos en que HIDROINGENIA S.L.U., (en adelante, Hidroingenia), protege la informaci\u00f3n recogida y facilitada por los usuarios que acceden a\u00a0<a href=\"https:\/\/hidroingenia.com\/?p=2373\">hidroingenia.com<\/a><\/p><p>Hidroingenia garantiza la seguridad de los datos de car\u00e1cter personal a los que se tiene acceso, informando que cuando se pide completar los campos de informaci\u00f3n personal con los que usted puede ser identificado, asegurando que s\u00f3lo ser\u00e1n utilizados de acuerdo con los t\u00e9rminos y condiciones presente en este documento.<\/p><p><!-- notionvc: 0ce05cce-56d5-42fd-85a7-2f64053a1666 --><\/p>\t\t\t\t\t\t\t\t<\/div>\n\t\t\t\t<div class=\"elementor-element elementor-element-23048b9 elementor-widget elementor-widget-heading\" data-id=\"23048b9\" data-element_type=\"widget\" data-e-type=\"widget\" data-widget_type=\"heading.default\">\n\t\t\t\t\t<h2 class=\"elementor-heading-title elementor-size-default\">1.Responsable<\/h2>\t\t\t\t<\/div>\n\t\t\t\t<div class=\"elementor-element elementor-element-bca6e93 elementor-widget elementor-widget-text-editor\" data-id=\"bca6e93\" data-element_type=\"widget\" data-e-type=\"widget\" data-widget_type=\"text-editor.default\">\n\t\t\t\t\t\t\t\t\t<ul><li><strong>CIF de la entidad<\/strong>: B92508605.<\/li><li><strong>Direcci\u00f3n de la entidad<\/strong>: Ca\u00f1ada del Tesoro 4, bloque 1, locales 4 y 5 \u2013 29004 \u2013 M\u00e1laga.<\/li><li><strong>Email de la entidad<\/strong>:\u00a0<a href=\"mailto:info@hidroingenia.com\">info@hidroingenia.com<\/a><\/li><\/ul><p><!-- notionvc: 58e385df-0edc-4950-b057-ec0865681d66 --><\/p><p><!-- notionvc: 0ce05cce-56d5-42fd-85a7-2f64053a1666 --><\/p>\t\t\t\t\t\t\t\t<\/div>\n\t\t\t\t<div class=\"elementor-element elementor-element-e38791d elementor-widget elementor-widget-heading\" data-id=\"e38791d\" data-element_type=\"widget\" data-e-type=\"widget\" data-widget_type=\"heading.default\">\n\t\t\t\t\t<h2 class=\"elementor-heading-title elementor-size-default\">2. Finalidad y legitimaci\u00f3n del tratamiento de los datos personales.<\/h2>\t\t\t\t<\/div>\n\t\t\t\t<div class=\"elementor-element elementor-element-e3c10dd elementor-widget elementor-widget-text-editor\" data-id=\"e3c10dd\" data-element_type=\"widget\" data-e-type=\"widget\" data-widget_type=\"text-editor.default\">\n\t\t\t\t\t\t\t\t\t<p>En\u00a0Hidroingenia\u00a0tratamos la informaci\u00f3n que nos facilitan las personas interesadas con el fin de:<\/p><ul><li><strong>Gestionar la relaci\u00f3n establecida con nosotros<\/strong>:<\/li><\/ul><p>Tratamos los datos proporcionados por los Usuarios con la finalidad de proporcionar asistencia, dar respuesta a consultas, as\u00ed como administrar nuestros productos y servicios, y la calidad de los mismos.<\/p><p>En este sentido, tambi\u00e9n trataremos los datos proporcionados para atender las solicitudes de servicios y peticiones de informaci\u00f3n de nuestros Usuarios recibidas a trav\u00e9s de cualquiera de nuestros Canales, as\u00ed como para poder tramitar en su caso, sugerencias, reclamaciones o quejas.<\/p><p>En estos casos, recabaremos sus datos para poder ejecutar la relaci\u00f3n precontractual o contractual que nos permita proporcionarle eficientemente nuestros productos y servicios.<\/p><p>El consentimiento informado y espec\u00edfico del Usuario, ser\u00e1 la base jur\u00eddica de \u00e9sta parte del tratamiento.<\/p><ul><li><strong>Gestionar datos de contacto en el \u00e1mbito de relaciones contractuales o comerciales:<\/strong><\/li><\/ul><p>Tratamos datos de contacto de potenciales clientes; representantes legales de personas jur\u00eddicas y organismos, ya sean de car\u00e1cter p\u00fablico o privado; u otros intervinientes, que nos proporcionen sus datos, con la finalidad de remitirles informaci\u00f3n de inter\u00e9s, gestionar la relaci\u00f3n comercial que nos une.<\/p><p>La base de legitimaci\u00f3n es el mantenimiento de la relaci\u00f3n precontractual, contractual y\/o comercial que nos une.<\/p><ul><li><strong>Gestionar las solicitudes y participaci\u00f3n en nuestros procesos de selecci\u00f3n:<\/strong><\/li><\/ul><p>Los datos y documentaci\u00f3n recibida se tratan en este supuesto, para valorar las candidaturas y, en el caso de que nos des tu consentimiento, tomarte en consideraci\u00f3n para otras posibles vacantes de Hidroingenia, lo que podr\u00eda implicar que los datos se compartan con la empresa del Grupo responsable de la vacante en cuesti\u00f3n.<\/p><p>La base jur\u00eddica del tratamiento es la aplicaci\u00f3n de medidas precontractuales, y el consentimiento prestado si se desea optar a otras posibles vacantes.<\/p><ul><li><strong>Cumplimiento de las obligaciones legales que nos afecten:<\/strong><\/li><\/ul><p>Ya sean estas obligaciones legales de \u00edndole mercantil, fiscal, contable, administrativa; la base legal que nos habilita para este tratamiento es el cumplimiento de obligaciones legales.<\/p><ul><li><strong>Gesti\u00f3n del Canal de denuncias:<\/strong><\/li><\/ul><p>Hidroingenia cuenta con un canal de denuncias, en el cual, tanto empleados como proveedores o terceros pueden comunicar de forma confidencial cualquier incumplimiento del que tengan conocimiento.<\/p><p>La base jur\u00eddica del tratamiento de los datos en este caso, es el cumplimiento de obligaciones legales en la investigaci\u00f3n de presuntos delitos.<\/p><p>Hidroingenia\u00a0se compromete a cumplir con su obligaci\u00f3n referente al secreto de los datos de car\u00e1cter personal y a su obligaci\u00f3n de protegerlos, y adoptar las medidas t\u00e9cnicas y organizativas necesarias para mantener el nivel de seguridad requerido en atenci\u00f3n a los datos personales tratados.<\/p><p>El Usuario es el \u00fanico responsable de la veracidad y la correcci\u00f3n de los datos facilitados a Hidroingenia, que no se hace responsable de cualquier falta de veracidad o correcci\u00f3n de estos datos.<\/p><p><!-- notionvc: 0d463e78-0334-4688-8010-fee9035d9c1d --><\/p>\t\t\t\t\t\t\t\t<\/div>\n\t\t\t\t\t<\/div>\n\t\t\t\t<\/div>\n\t\t<div class=\"elementor-element elementor-element-825cbb3 e-flex e-con-boxed e-con e-parent\" data-id=\"825cbb3\" data-element_type=\"container\" data-e-type=\"container\">\n\t\t\t\t\t<div class=\"e-con-inner\">\n\t\t\t\t<div class=\"elementor-element elementor-element-9f03cb9 elementor-widget elementor-widget-heading\" data-id=\"9f03cb9\" data-element_type=\"widget\" data-e-type=\"widget\" data-widget_type=\"heading.default\">\n\t\t\t\t\t<h2 class=\"elementor-heading-title elementor-size-default\">3. Conservaci\u00f3n de los datos:<\/h2>\t\t\t\t<\/div>\n\t\t\t\t<div class=\"elementor-element elementor-element-af22d66 elementor-widget elementor-widget-text-editor\" data-id=\"af22d66\" data-element_type=\"widget\" data-e-type=\"widget\" data-widget_type=\"text-editor.default\">\n\t\t\t\t\t\t\t\t\t<p>Con car\u00e1cter general, los datos ser\u00e1n conservados (i) por el tiempo que fuera necesario para la finalidad que fueron recogidos, (ii) por los plazos de prescripci\u00f3n que le sean de aplicaci\u00f3n, si pudieran surgir responsabilidades derivadas del tratamiento.<\/p><p>Con car\u00e1cter especial:<\/p><ul><li>Los datos recopilados con la finalidad de atender solicitudes o consultas, ser\u00e1n conservados durante el tiempo necesario para poder atender las mismas, y nunca durante un plazo superior a doce meses.<\/li><li>Los datos recopilados en base a su consentimiento, ser\u00e1n conservados mientras no se retire el mismo.<\/li><li>Para el resto de los casos, el Usuario ser\u00e1 informado de los plazos de conservaci\u00f3n que le sea de aplicaci\u00f3n al tratamiento espec\u00edfico.<\/li><\/ul><p><!-- notionvc: 75a09fff-0771-4aba-adfe-6618eb4fb405 --><\/p>\t\t\t\t\t\t\t\t<\/div>\n\t\t\t\t<div class=\"elementor-element elementor-element-362b3c0 elementor-widget elementor-widget-heading\" data-id=\"362b3c0\" data-element_type=\"widget\" data-e-type=\"widget\" data-widget_type=\"heading.default\">\n\t\t\t\t\t<h2 class=\"elementor-heading-title elementor-size-default\">4. Destinatarios<\/h2>\t\t\t\t<\/div>\n\t\t\t\t<div class=\"elementor-element elementor-element-ee39210 elementor-widget elementor-widget-text-editor\" data-id=\"ee39210\" data-element_type=\"widget\" data-e-type=\"widget\" data-widget_type=\"text-editor.default\">\n\t\t\t\t\t\t\t\t\t<div class=\"notion-selectable notion-text-block\" data-block-id=\"25b8d653-a735-8037-8dac-cc7dd514a58d\"><div><div><div class=\"notranslate\" contenteditable=\"true\" spellcheck=\"true\" data-content-editable-leaf=\"true\">Los datos podr\u00e1n ser comunicados a entidades que conforman el Grupo Alfrosa.<\/div><div>\u00a0<\/div><\/div><\/div><\/div><div class=\"notion-selectable notion-text-block\" data-block-id=\"25b8d653-a735-80ed-ac25-c5c9082bbb00\"><div><div><div class=\"notranslate\" contenteditable=\"true\" spellcheck=\"true\" data-content-editable-leaf=\"true\">Adem\u00e1s, contamos con la colaboraci\u00f3n de terceros proveedores de servicios que pueden tener acceso a sus datos personales, los cuales tratar\u00e1n en nombre y por cuenta de Hidroingenia, datos del Usuario, con motivo de la prestaci\u00f3n de servicios. En estos casos, siempre que sea necesario, se suscriben los correspondientes contratos de encargo de tratamiento seg\u00fan establece la normativa en materia de protecci\u00f3n de datos.<\/div><\/div><\/div><\/div><p><!-- notionvc: 75a09fff-0771-4aba-adfe-6618eb4fb405 --><\/p>\t\t\t\t\t\t\t\t<\/div>\n\t\t\t\t<div class=\"elementor-element elementor-element-3abcad1 elementor-widget elementor-widget-heading\" data-id=\"3abcad1\" data-element_type=\"widget\" data-e-type=\"widget\" data-widget_type=\"heading.default\">\n\t\t\t\t\t<h2 class=\"elementor-heading-title elementor-size-default\">5. Transferencias Internacionales de datos<\/h2>\t\t\t\t<\/div>\n\t\t\t\t<div class=\"elementor-element elementor-element-743d11e elementor-widget elementor-widget-text-editor\" data-id=\"743d11e\" data-element_type=\"widget\" data-e-type=\"widget\" data-widget_type=\"text-editor.default\">\n\t\t\t\t\t\t\t\t\t<div class=\"notion-selectable notion-text-block\" data-block-id=\"25b8d653-a735-8037-8dac-cc7dd514a58d\"><div class=\"notranslate\" contenteditable=\"true\" spellcheck=\"true\" data-content-editable-leaf=\"true\">Hidroingenia podr\u00e1 tratar sus datos personales en colaboraci\u00f3n con otras oficinas del Grupo ubicadas fuera del Espacio Econ\u00f3mico Europeo. Cuando sea necesario, implementaremos las medidas adecuadas para asegurar que dichos datos gocen de un nivel de protecci\u00f3n equivalente al exigido en el EEE.<!-- notionvc: 1d71de7d-8463-4cb7-b8c7-55a09e8c44c9 --><\/div><\/div><p><!-- notionvc: 75a09fff-0771-4aba-adfe-6618eb4fb405 --><\/p>\t\t\t\t\t\t\t\t<\/div>\n\t\t\t\t<div class=\"elementor-element elementor-element-01c9deb elementor-widget elementor-widget-heading\" data-id=\"01c9deb\" data-element_type=\"widget\" data-e-type=\"widget\" data-widget_type=\"heading.default\">\n\t\t\t\t\t<h2 class=\"elementor-heading-title elementor-size-default\">6. Decisiones automatizadas<\/h2>\t\t\t\t<\/div>\n\t\t\t\t<div class=\"elementor-element elementor-element-ac80d43 elementor-widget elementor-widget-text-editor\" data-id=\"ac80d43\" data-element_type=\"widget\" data-e-type=\"widget\" data-widget_type=\"text-editor.default\">\n\t\t\t\t\t\t\t\t\t<div class=\"notion-selectable notion-text-block\" data-block-id=\"25b8d653-a735-8037-8dac-cc7dd514a58d\"><div class=\"notranslate\" contenteditable=\"true\" spellcheck=\"true\" data-content-editable-leaf=\"true\">No elaboraremos un \u201cperfil comercial\u201d, en base a la informaci\u00f3n facilitada. No se tomar\u00e1n decisiones automatizadas en base a dicho perfil.<!-- notionvc: 2c0a96da-b64d-4536-85db-741a75ae3783 --><br \/><!-- notionvc: 1d71de7d-8463-4cb7-b8c7-55a09e8c44c9 --><\/div><\/div><p><!-- notionvc: 75a09fff-0771-4aba-adfe-6618eb4fb405 --><\/p>\t\t\t\t\t\t\t\t<\/div>\n\t\t\t\t<div class=\"elementor-element elementor-element-493edf5 elementor-widget elementor-widget-heading\" data-id=\"493edf5\" data-element_type=\"widget\" data-e-type=\"widget\" data-widget_type=\"heading.default\">\n\t\t\t\t\t<h2 class=\"elementor-heading-title elementor-size-default\">7. Origen de los datos:<\/h2>\t\t\t\t<\/div>\n\t\t\t\t<div class=\"elementor-element elementor-element-b888b01 elementor-widget elementor-widget-text-editor\" data-id=\"b888b01\" data-element_type=\"widget\" data-e-type=\"widget\" data-widget_type=\"text-editor.default\">\n\t\t\t\t\t\t\t\t\t<div class=\"notion-selectable notion-text-block\" data-block-id=\"25b8d653-a735-8037-8dac-cc7dd514a58d\"><div class=\"notranslate\" contenteditable=\"true\" spellcheck=\"true\" data-content-editable-leaf=\"true\">Los datos personales tratados por Hidroingenia proceden directamente de los interesados a trav\u00e9s de los diferentes procesos: formularios, correo electr\u00f3nico, tel\u00e9fono, entre otros.<!-- notionvc: 36443c11-2847-4692-8994-39427b12dcba --><br \/><!-- notionvc: 1d71de7d-8463-4cb7-b8c7-55a09e8c44c9 --><\/div><\/div><p><!-- notionvc: 75a09fff-0771-4aba-adfe-6618eb4fb405 --><\/p>\t\t\t\t\t\t\t\t<\/div>\n\t\t\t\t<div class=\"elementor-element elementor-element-49fbe27 elementor-widget elementor-widget-heading\" data-id=\"49fbe27\" data-element_type=\"widget\" data-e-type=\"widget\" data-widget_type=\"heading.default\">\n\t\t\t\t\t<h2 class=\"elementor-heading-title elementor-size-default\">8. Derechos<\/h2>\t\t\t\t<\/div>\n\t\t\t\t<div class=\"elementor-element elementor-element-cb2d3f2 elementor-widget elementor-widget-text-editor\" data-id=\"cb2d3f2\" data-element_type=\"widget\" data-e-type=\"widget\" data-widget_type=\"text-editor.default\">\n\t\t\t\t\t\t\t\t\t<div class=\"notion-selectable notion-text-block\" data-block-id=\"25b8d653-a735-8037-8dac-cc7dd514a58d\"><div class=\"notranslate\" contenteditable=\"true\" spellcheck=\"true\" data-content-editable-leaf=\"true\"><ul><li>Cualquier persona tiene derecho a obtener confirmaci\u00f3n sobre si en Hidroingenia estamos tratando datos personales que les conciernen, y a la siguiente informaci\u00f3n: los fines del tratamiento; las categor\u00edas de los datos que se tratan; los destinatarios o las categor\u00edas de destinatarios a los que se han comunicado o ser\u00e1n comunicados; de ser posible, el plazo previsto de conservaci\u00f3n de los datos personales o, de no ser posible, los criterios utilizados para determinar este plazo.<\/li><li>Las personas interesadas tienen derecho a acceder a sus datos personales, as\u00ed como a solicitar la rectificaci\u00f3n de los datos inexactos o, en su caso, solicitar su supresi\u00f3n cuando, entre otros motivos, los datos ya no sean necesarios para los fines que fueron recogidos.<\/li><li>Los interesados podr\u00e1n solicitar la supresi\u00f3n de los datos personales que le conciernen cuando concurra una de las circunstancias siguientes: que no sean necesarios en relaci\u00f3n con los fines para los que fueron recogidos o tratados; que retire el consentimiento y el tratamiento no se base en otro fundamento jur\u00eddico; que se oponga al tratamiento y no prevalezcan otros motivos leg\u00edtimos para el tratamiento; que hayan sido tratados il\u00edcitamente.<\/li><li>En determinadas circunstancias, los interesados podr\u00e1n solicitar la limitaci\u00f3n del tratamiento de sus datos, en cuyo caso \u00fanicamente los conservaremos para el ejercicio o la defensa de reclamaciones.<\/li><li>En determinadas circunstancias y por motivos relacionados con su situaci\u00f3n particular, los interesados podr\u00e1n oponerse al tratamiento de sus datos. Hidroingenia dejar\u00e1 de tratar los datos, salvo por motivos leg\u00edtimos imperiosos, o el ejercicio o la defensa de posibles reclamaciones.<\/li><li>Las personas interesadas tienen derecho a la portabilidad, que implica que los datos personales del interesado se transmitan directamente de un responsable a otro, sin necesidad de que sean transmitidos previamente al propio interesado, siempre que ello sea t\u00e9cnicamente posible.<\/li><li>Las personas interesadas tienen derecho a retirar el consentimiento prestado en cualquier momento.<\/li><\/ul><p>\u00a0<\/p><p><strong>Ejercicio de los derechos<\/strong>: El ejercicio de derechos deber\u00e1 efectuarse por escrito, a la direcci\u00f3n de correo electr\u00f3nico\u00a0<a href=\"mailto:info@hidroingenia.com\">info@hidroingenia.com<\/a><\/p><p><strong>Derecho de reclamaci\u00f3n ante la Autoridad de Control:<\/strong>\u00a0En el caso de que no se hayan respetado sus derechos puede presentar una reclamaci\u00f3n dirigi\u00e9ndose por escrito a la Agencia Espa\u00f1ola de Protecci\u00f3n de Datos sita en la calle Jorge Juan, 6 28001 \u2013 Madrid o utilizar la sede electr\u00f3nica:\u00a0[<a href=\"https:\/\/sedeagpd.gob.es\" target=\"_blank\" rel=\"noopener\">https:\/\/sedeagpd.gob.es<\/a>.](<a href=\"https:\/\/sedeagpd.gob.es\" target=\"_blank\" rel=\"noopener\">https:\/\/sedeagpd.gob.es<\/a>.\/)\u00a0En ambos casos, deber\u00e1 acompa\u00f1ar la documentaci\u00f3n pertinente.<\/p><p>Tambi\u00e9n puede informarse en la Gu\u00eda para el Ciudadano editada por la Agencia Espa\u00f1ola de Protecci\u00f3n de Datos mediante el siguiente enlace:<\/p><p><a href=\"http:\/\/www.aepd.es\/guias\/guia-ciudadano.pdf\" target=\"_blank\" rel=\"noopener\">www.aepd.es\/guias\/guia-ciudadano.pdf<\/a><\/p><p><strong>\u00daltima actualizaci\u00f3n: Diciembre de 2024<\/strong><\/p><p><strong>\u00a9 Hidroingenia. Todos los derechos reservados.<\/strong><\/p><!-- notionvc: c1d86056-b744-4426-ab82-db228bbedf43 --><br \/><!-- notionvc: 1d71de7d-8463-4cb7-b8c7-55a09e8c44c9 --><\/div><\/div><p><!-- notionvc: 75a09fff-0771-4aba-adfe-6618eb4fb405 --><\/p>\t\t\t\t\t\t\t\t<\/div>\n\t\t\t\t\t<\/div>\n\t\t\t\t<\/div>\n\t\t\t\t<\/div>\n\t\t","protected":false},"excerpt":{"rendered":"<p>Pol\u00edticas de privacidad El presente documento de Pol\u00edtica de Privacidad concreta los t\u00e9rminos en que HIDROINGENIA S.L.U., (en adelante, Hidroingenia), protege la informaci\u00f3n recogida y facilitada por los usuarios que acceden a\u00a0hidroingenia.com Hidroingenia garantiza la seguridad de los datos de car\u00e1cter personal a los que se tiene acceso, informando que cuando se pide completar los [&hellip;]<\/p>\n","protected":false},"author":2,"featured_media":0,"parent":0,"menu_order":0,"comment_status":"closed","ping_status":"closed","template":"elementor_header_footer","meta":{"footnotes":""},"class_list":["post-6611","page","type-page","status-publish","hentry"],"_links":{"self":[{"href":"https:\/\/hidroingenia.com\/en\/wp-json\/wp\/v2\/pages\/6611","targetHints":{"allow":["GET"]}}],"collection":[{"href":"https:\/\/hidroingenia.com\/en\/wp-json\/wp\/v2\/pages"}],"about":[{"href":"https:\/\/hidroingenia.com\/en\/wp-json\/wp\/v2\/types\/page"}],"author":[{"embeddable":true,"href":"https:\/\/hidroingenia.com\/en\/wp-json\/wp\/v2\/users\/2"}],"replies":[{"embeddable":true,"href":"https:\/\/hidroingenia.com\/en\/wp-json\/wp\/v2\/comments?post=6611"}],"version-history":[{"count":4,"href":"https:\/\/hidroingenia.com\/en\/wp-json\/wp\/v2\/pages\/6611\/revisions"}],"predecessor-version":[{"id":6617,"href":"https:\/\/hidroingenia.com\/en\/wp-json\/wp\/v2\/pages\/6611\/revisions\/6617"}],"wp:attachment":[{"href":"https:\/\/hidroingenia.com\/en\/wp-json\/wp\/v2\/media?parent=6611"}],"curies":[{"name":"wp","href":"https:\/\/api.w.org\/{rel}","templated":true}]}}