{"id":8930,"date":"2026-02-25T12:48:36","date_gmt":"2026-02-25T12:48:36","guid":{"rendered":"https:\/\/hidroingenia.com\/?page_id=8930"},"modified":"2026-02-25T13:43:54","modified_gmt":"2026-02-25T13:43:54","slug":"proyecto-wild","status":"publish","type":"page","link":"https:\/\/hidroingenia.com\/en\/proyecto-wild\/","title":{"rendered":"Proyecto Wild"},"content":{"rendered":"<style>.elementor-8930 .elementor-element.elementor-element-eb8b9f4{--display:flex;--min-height:15vh;--flex-direction:row;--container-widget-width:initial;--container-widget-height:100%;--container-widget-flex-grow:1;--container-widget-align-self:stretch;--flex-wrap-mobile:wrap;}.elementor-8930 .elementor-element.elementor-element-303d9bf{--display:flex;--justify-content:flex-end;}.elementor-widget-heading .elementor-heading-title{font-family:var( --e-global-typography-primary-font-family ), Sans-serif;font-weight:var( --e-global-typography-primary-font-weight );color:var( --e-global-color-primary );}.elementor-8930 .elementor-element.elementor-element-cfcdcaa .elementor-heading-title{font-family:\"Manrope\", Sans-serif;font-size:45px;font-weight:300;color:#000000;}.elementor-8930 .elementor-element.elementor-element-22e9e4f{--display:flex;--justify-content:flex-end;}.elementor-8930 .elementor-element.elementor-element-bb15990{--display:flex;--min-height:50vh;--flex-direction:column;--container-widget-width:100%;--container-widget-height:initial;--container-widget-flex-grow:0;--container-widget-align-self:initial;--flex-wrap-mobile:wrap;}.elementor-8930 .elementor-element.elementor-element-5ae479f{--display:flex;--gap:00px 00px;--row-gap:00px;--column-gap:00px;--margin-top:0px;--margin-bottom:0px;--margin-left:0px;--margin-right:0px;--padding-top:0px;--padding-bottom:0px;--padding-left:0px;--padding-right:0px;}.elementor-widget-divider{--divider-color:var( --e-global-color-secondary );}.elementor-widget-divider .elementor-divider__text{color:var( --e-global-color-secondary );font-family:var( --e-global-typography-secondary-font-family ), Sans-serif;font-weight:var( --e-global-typography-secondary-font-weight );}.elementor-widget-divider.elementor-view-stacked .elementor-icon{background-color:var( --e-global-color-secondary );}.elementor-widget-divider.elementor-view-framed .elementor-icon, .elementor-widget-divider.elementor-view-default .elementor-icon{color:var( --e-global-color-secondary );border-color:var( --e-global-color-secondary );}.elementor-widget-divider.elementor-view-framed .elementor-icon, .elementor-widget-divider.elementor-view-default .elementor-icon svg{fill:var( --e-global-color-secondary );}.elementor-8930 .elementor-element.elementor-element-aa42785{--divider-border-style:solid;--divider-color:#000;--divider-border-width:1.5px;margin:0px 0px calc(var(--kit-widget-spacing, 0px) + 0px) 0px;padding:0px 0px 0px 0px;}.elementor-8930 .elementor-element.elementor-element-aa42785 .elementor-divider-separator{width:92.5%;margin:0 auto;margin-center:0;}.elementor-8930 .elementor-element.elementor-element-aa42785 .elementor-divider{text-align:center;padding-block-start:4px;padding-block-end:4px;}.elementor-8930 .elementor-element.elementor-element-676e5ca{--display:flex;--min-height:50vh;--flex-direction:row;--container-widget-width:initial;--container-widget-height:100%;--container-widget-flex-grow:1;--container-widget-align-self:stretch;--flex-wrap-mobile:wrap;--gap:0px 0px;--row-gap:0px;--column-gap:0px;--margin-top:0px;--margin-bottom:0px;--margin-left:0px;--margin-right:0px;--padding-top:0px;--padding-bottom:0px;--padding-left:0px;--padding-right:0px;}.elementor-8930 .elementor-element.elementor-element-b37341d{--display:flex;--gap:0px 0px;--row-gap:0px;--column-gap:0px;--margin-top:0px;--margin-bottom:0px;--margin-left:0px;--margin-right:0px;--padding-top:0px;--padding-bottom:0px;--padding-left:0px;--padding-right:0px;}.elementor-widget-image .widget-image-caption{color:var( --e-global-color-text );font-family:var( --e-global-typography-text-font-family ), Sans-serif;font-weight:var( --e-global-typography-text-font-weight );}.elementor-8930 .elementor-element.elementor-element-66e4c3e{--display:flex;--flex-direction:column;--container-widget-width:100%;--container-widget-height:initial;--container-widget-flex-grow:0;--container-widget-align-self:initial;--flex-wrap-mobile:wrap;}.elementor-8930 .elementor-element.elementor-element-c23c5b0{--display:flex;--min-height:240px;--justify-content:flex-start;--margin-top:0px;--margin-bottom:0px;--margin-left:0px;--margin-right:0px;--padding-top:0px;--padding-bottom:0px;--padding-left:0px;--padding-right:60px;}.elementor-8930 .elementor-element.elementor-element-c23c5b0.e-con{--align-self:flex-end;}.elementor-8930 .elementor-element.elementor-element-f873dfb .elementor-heading-title{font-family:\"Manrope\", Sans-serif;font-size:45px;font-weight:400;color:#000000;}.elementor-8930 .elementor-element.elementor-element-f873dfb.elementor-element{--flex-grow:0;--flex-shrink:0;}.elementor-widget-text-editor{font-family:var( --e-global-typography-text-font-family ), Sans-serif;font-weight:var( --e-global-typography-text-font-weight );color:var( --e-global-color-text );}.elementor-widget-text-editor.elementor-drop-cap-view-stacked .elementor-drop-cap{background-color:var( --e-global-color-primary );}.elementor-widget-text-editor.elementor-drop-cap-view-framed .elementor-drop-cap, .elementor-widget-text-editor.elementor-drop-cap-view-default .elementor-drop-cap{color:var( --e-global-color-primary );border-color:var( --e-global-color-primary );}.elementor-8930 .elementor-element.elementor-element-db3f185{font-family:\"Roboto Slab\", Sans-serif;font-weight:400;}.elementor-8930 .elementor-element.elementor-element-db3f185 p{margin-block-end:0px;}.elementor-8930 .elementor-element.elementor-element-9416c61{font-family:\"Roboto Slab\", Sans-serif;font-weight:400;}.elementor-8930 .elementor-element.elementor-element-9416c61 p{margin-block-end:0px;}.elementor-8930 .elementor-element.elementor-element-fff4769{--display:flex;--min-height:280px;--justify-content:flex-end;--margin-top:0px;--margin-bottom:0px;--margin-left:0px;--margin-right:0px;--padding-top:0px;--padding-bottom:0px;--padding-left:0px;--padding-right:60px;}.elementor-8930 .elementor-element.elementor-element-fff4769.e-con{--align-self:flex-end;}.elementor-widget-button .elementor-button{font-family:var( --e-global-typography-accent-font-family ), Sans-serif;font-weight:var( --e-global-typography-accent-font-weight );background-color:var( --e-global-color-accent );}.elementor-8930 .elementor-element.elementor-element-c019615 .elementor-button-content-wrapper{flex-direction:row-reverse;}.elementor-8930 .elementor-element.elementor-element-c019615 .elementor-button{font-family:\"DM Sans\", Sans-serif;font-size:16px;font-weight:400;text-transform:uppercase;letter-spacing:1.5px;fill:var( --e-global-color-primary );color:var( --e-global-color-primary );background-color:#22283800;border-style:solid;border-width:1px 1px 1px 1px;border-color:var( --e-global-color-primary );border-radius:0px 0px 0px 0px;padding:11px 17px 11px 17px;}.elementor-8930 .elementor-element.elementor-element-c019615 .elementor-button:hover, .elementor-8930 .elementor-element.elementor-element-c019615 .elementor-button:focus{color:#000000;background-color:#FFFFFF;border-color:var( --e-global-color-primary );}.elementor-8930 .elementor-element.elementor-element-c019615 .elementor-button:hover svg, .elementor-8930 .elementor-element.elementor-element-c019615 .elementor-button:focus svg{fill:#000000;}.elementor-8930 .elementor-element.elementor-element-c019615{margin:0px 0px calc(var(--kit-widget-spacing, 0px) + 0px) 0px;}@media(min-width:768px){.elementor-8930 .elementor-element.elementor-element-c23c5b0{--width:75%;}.elementor-8930 .elementor-element.elementor-element-fff4769{--width:75%;}}@media(max-width:1024px){.elementor-8930 .elementor-element.elementor-element-cfcdcaa .elementor-heading-title{font-size:40px;}.elementor-8930 .elementor-element.elementor-element-cfcdcaa{margin:0px 150px calc(var(--kit-widget-spacing, 0px) + 0px) 0px;}.elementor-8930 .elementor-element.elementor-element-aa42785 .elementor-divider-separator{width:100%;}.elementor-8930 .elementor-element.elementor-element-f873dfb .elementor-heading-title{font-size:40px;}.elementor-8930 .elementor-element.elementor-element-f873dfb{margin:0px 150px calc(var(--kit-widget-spacing, 0px) + 0px) 0px;width:var( --container-widget-width, 310.672px );max-width:310.672px;--container-widget-width:310.672px;--container-widget-flex-grow:0;}.elementor-8930 .elementor-element.elementor-element-db3f185{font-size:15px;}.elementor-8930 .elementor-element.elementor-element-9416c61{font-size:15px;}.elementor-8930 .elementor-element.elementor-element-fff4769{--min-height:1;}.elementor-8930 .elementor-element.elementor-element-c019615 .elementor-button{font-size:12px;}}@media(max-width:767px){.elementor-8930 .elementor-element.elementor-element-cfcdcaa .elementor-heading-title{font-size:30px;}.elementor-8930 .elementor-element.elementor-element-cfcdcaa{margin:0px 0px calc(var(--kit-widget-spacing, 0px) + 0px) 0px;}.elementor-8930 .elementor-element.elementor-element-22e9e4f.e-con{--align-self:flex-start;}.elementor-8930 .elementor-element.elementor-element-5ae479f{--margin-top:0px;--margin-bottom:0px;--margin-left:0px;--margin-right:0px;--padding-top:0px;--padding-bottom:0px;--padding-left:0px;--padding-right:0px;}.elementor-8930 .elementor-element.elementor-element-b37341d{--margin-top:0px;--margin-bottom:0px;--margin-left:0px;--margin-right:0px;--padding-top:0px;--padding-bottom:0px;--padding-left:0px;--padding-right:0px;}.elementor-8930 .elementor-element.elementor-element-f873dfb .elementor-heading-title{font-size:30px;}.elementor-8930 .elementor-element.elementor-element-f873dfb{margin:0px 0px calc(var(--kit-widget-spacing, 0px) + 0px) 0px;}.elementor-8930 .elementor-element.elementor-element-db3f185{font-size:15px;}.elementor-8930 .elementor-element.elementor-element-9416c61{font-size:15px;}.elementor-8930 .elementor-element.elementor-element-fff4769{--min-height:10;}.elementor-8930 .elementor-element.elementor-element-c019615 .elementor-button{font-size:12px;}}<\/style>\t\t<div data-elementor-type=\"wp-page\" data-elementor-id=\"8930\" class=\"elementor elementor-8930\" data-elementor-post-type=\"page\">\n\t\t\t\t<div class=\"elementor-element elementor-element-eb8b9f4 e-con-full e-flex e-con e-parent\" data-id=\"eb8b9f4\" data-element_type=\"container\" data-e-type=\"container\">\n\t\t<div class=\"elementor-element elementor-element-303d9bf e-flex e-con-boxed e-con e-child\" data-id=\"303d9bf\" data-element_type=\"container\" data-e-type=\"container\">\n\t\t\t\t\t<div class=\"e-con-inner\">\n\t\t\t\t<div class=\"elementor-element elementor-element-cfcdcaa elementor-invisible elementor-widget elementor-widget-heading\" data-id=\"cfcdcaa\" data-element_type=\"widget\" data-e-type=\"widget\" data-settings=\"{&quot;_animation&quot;:&quot;fadeIn&quot;,&quot;_animation_delay&quot;:200}\" data-widget_type=\"heading.default\">\n\t\t\t\t\t<h1 class=\"elementor-heading-title elementor-size-default\">Nuestro Portafolio Wild<\/h1>\t\t\t\t<\/div>\n\t\t\t\t\t<\/div>\n\t\t\t\t<\/div>\n\t\t<div class=\"elementor-element elementor-element-22e9e4f e-flex e-con-boxed e-con e-child\" data-id=\"22e9e4f\" data-element_type=\"container\" data-e-type=\"container\">\n\t\t\t\t\t<div class=\"e-con-inner\">\n\t\t\t\t\t<\/div>\n\t\t\t\t<\/div>\n\t\t\t\t<\/div>\n\t\t<div class=\"elementor-element elementor-element-bb15990 e-con-full e-flex e-con e-parent\" data-id=\"bb15990\" data-element_type=\"container\" data-e-type=\"container\">\n\t\t<div class=\"elementor-element elementor-element-5ae479f e-con-full e-flex e-con e-child\" data-id=\"5ae479f\" data-element_type=\"container\" data-e-type=\"container\">\n\t\t\t\t<div class=\"elementor-element elementor-element-aa42785 elementor-widget-divider--view-line elementor-widget elementor-widget-divider\" data-id=\"aa42785\" data-element_type=\"widget\" data-e-type=\"widget\" data-widget_type=\"divider.default\">\n\t\t\t\t\t\t\t<div class=\"elementor-divider\">\n\t\t\t<span class=\"elementor-divider-separator\">\n\t\t\t\t\t\t<\/span>\n\t\t<\/div>\n\t\t\t\t\t\t<\/div>\n\t\t\t\t<\/div>\n\t\t<div class=\"elementor-element elementor-element-676e5ca e-con-full e-flex e-con e-child\" data-id=\"676e5ca\" data-element_type=\"container\" data-e-type=\"container\">\n\t\t<div class=\"elementor-element elementor-element-b37341d e-con-full e-flex e-con e-child\" data-id=\"b37341d\" data-element_type=\"container\" data-e-type=\"container\">\n\t\t\t\t<div class=\"elementor-element elementor-element-32edbde elementor-widget elementor-widget-image\" data-id=\"32edbde\" data-element_type=\"widget\" data-e-type=\"widget\" data-widget_type=\"image.default\">\n\t\t\t\t\t\t\t\t\t\t\t\t\t\t\t<img fetchpriority=\"high\" decoding=\"async\" width=\"800\" height=\"535\" src=\"https:\/\/hidroingenia.com\/wp-content\/uploads\/2025\/06\/Delfinario-Selwo-Marina-4-1024x685.webp\" class=\"attachment-large size-large wp-image-4005\" alt=\"\" srcset=\"https:\/\/hidroingenia.com\/wp-content\/uploads\/2025\/06\/Delfinario-Selwo-Marina-4-1024x685.webp 1024w, https:\/\/hidroingenia.com\/wp-content\/uploads\/2025\/06\/Delfinario-Selwo-Marina-4-300x201.webp 300w, https:\/\/hidroingenia.com\/wp-content\/uploads\/2025\/06\/Delfinario-Selwo-Marina-4-768x514.webp 768w, https:\/\/hidroingenia.com\/wp-content\/uploads\/2025\/06\/Delfinario-Selwo-Marina-4-1536x1028.webp 1536w, https:\/\/hidroingenia.com\/wp-content\/uploads\/2025\/06\/Delfinario-Selwo-Marina-4.webp 1600w\" sizes=\"(max-width: 800px) 100vw, 800px\" \/>\t\t\t\t\t\t\t\t\t\t\t\t\t\t\t<\/div>\n\t\t\t\t<\/div>\n\t\t<div class=\"elementor-element elementor-element-66e4c3e e-con-full e-flex e-con e-child\" data-id=\"66e4c3e\" data-element_type=\"container\" data-e-type=\"container\">\n\t\t<div class=\"elementor-element elementor-element-c23c5b0 e-con-full e-flex e-con e-child\" data-id=\"c23c5b0\" data-element_type=\"container\" data-e-type=\"container\">\n\t\t\t\t<div class=\"elementor-element elementor-element-f873dfb elementor-widget-tablet__width-initial elementor-invisible elementor-widget elementor-widget-heading\" data-id=\"f873dfb\" data-element_type=\"widget\" data-e-type=\"widget\" data-settings=\"{&quot;_animation&quot;:&quot;fadeIn&quot;,&quot;_animation_delay&quot;:200}\" data-widget_type=\"heading.default\">\n\t\t\t\t\t<p class=\"elementor-heading-title elementor-size-default\">Delfinario Selwo Marina<\/p>\t\t\t\t<\/div>\n\t\t\t\t<div class=\"elementor-element elementor-element-db3f185 elementor-widget elementor-widget-text-editor\" data-id=\"db3f185\" data-element_type=\"widget\" data-e-type=\"widget\" data-widget_type=\"text-editor.default\">\n\t\t\t\t\t\t\t\t\t<p><span dir=\"auto\">Ubicaci\u00f3n: &#8212;<\/span><\/p><p><span dir=\"auto\">Adquirido: 000<\/span><\/p>\t\t\t\t\t\t\t\t<\/div>\n\t\t\t\t<div class=\"elementor-element elementor-element-9416c61 elementor-widget elementor-widget-text-editor\" data-id=\"9416c61\" data-element_type=\"widget\" data-e-type=\"widget\" data-widget_type=\"text-editor.default\">\n\t\t\t\t\t\t\t\t\t<p><strong><span dir=\"auto\">DESCRIPCI\u00d3N<\/span><\/strong><br \/>Hemos rehabilitado este h\u00e1bitat que cuenta con una gran piscina de exhibici\u00f3n, una zona de reposo y cuarentena y finalmente una piscina de interacci\u00f3n.<\/p>\t\t\t\t\t\t\t\t<\/div>\n\t\t\t\t<\/div>\n\t\t<div class=\"elementor-element elementor-element-fff4769 e-con-full e-flex e-con e-child\" data-id=\"fff4769\" data-element_type=\"container\" data-e-type=\"container\">\n\t\t\t\t<div class=\"elementor-element elementor-element-c019615 elementor-align-left elementor-widget elementor-widget-button\" data-id=\"c019615\" data-element_type=\"widget\" data-e-type=\"widget\" data-widget_type=\"button.default\">\n\t\t\t\t\t\t\t\t\t\t<a class=\"elementor-button elementor-button-link elementor-size-sm\" href=\"https:\/\/hidroingenia.com\/en\/delfinario-selwo-marina\/\">\n\t\t\t\t\t\t<span class=\"elementor-button-content-wrapper\">\n\t\t\t\t\t\t<span class=\"elementor-button-icon\">\n\t\t\t\t<svg aria-hidden=\"true\" class=\"e-font-icon-svg e-fas-arrow-right\" viewbox=\"0 0 448 512\" xmlns=\"http:\/\/www.w3.org\/2000\/svg\"><path d=\"M190.5 66.9l22.2-22.2c9.4-9.4 24.6-9.4 33.9 0L441 239c9.4 9.4 9.4 24.6 0 33.9L246.6 467.3c-9.4 9.4-24.6 9.4-33.9 0l-22.2-22.2c-9.5-9.5-9.3-25 .4-34.3L311.4 296H24c-13.3 0-24-10.7-24-24v-32c0-13.3 10.7-24 24-24h287.4L190.9 101.2c-9.8-9.3-10-24.8-.4-34.3z\"><\/path><\/svg>\t\t\t<\/span>\n\t\t\t\t\t\t\t\t\t<span class=\"elementor-button-text\">LEER M\u00c1S<\/span>\n\t\t\t\t\t<\/span>\n\t\t\t\t\t<\/a>\n\t\t\t\t\t\t\t\t<\/div>\n\t\t\t\t<\/div>\n\t\t\t\t<\/div>\n\t\t\t\t<\/div>\n\t\t\t\t<\/div>\n\t\t\t\t<\/div>","protected":false},"excerpt":{"rendered":"<p>Nuestro Portafolio Wild Delfinario Selwo Marina Ubicaci\u00f3n: &#8212; Adquirido: 000 DESCRIPCI\u00d3NHemos rehabilitado este h\u00e1bitat que cuenta con una gran piscina de exhibici\u00f3n, una zona de reposo y cuarentena y finalmente una piscina de interacci\u00f3n. LEER M\u00c1S<\/p>","protected":false},"author":6,"featured_media":0,"parent":0,"menu_order":0,"comment_status":"closed","ping_status":"closed","template":"elementor_header_footer","meta":{"footnotes":""},"class_list":["post-8930","page","type-page","status-publish","hentry"],"_links":{"self":[{"href":"https:\/\/hidroingenia.com\/en\/wp-json\/wp\/v2\/pages\/8930","targetHints":{"allow":["GET"]}}],"collection":[{"href":"https:\/\/hidroingenia.com\/en\/wp-json\/wp\/v2\/pages"}],"about":[{"href":"https:\/\/hidroingenia.com\/en\/wp-json\/wp\/v2\/types\/page"}],"author":[{"embeddable":true,"href":"https:\/\/hidroingenia.com\/en\/wp-json\/wp\/v2\/users\/6"}],"replies":[{"embeddable":true,"href":"https:\/\/hidroingenia.com\/en\/wp-json\/wp\/v2\/comments?post=8930"}],"version-history":[{"count":7,"href":"https:\/\/hidroingenia.com\/en\/wp-json\/wp\/v2\/pages\/8930\/revisions"}],"predecessor-version":[{"id":8949,"href":"https:\/\/hidroingenia.com\/en\/wp-json\/wp\/v2\/pages\/8930\/revisions\/8949"}],"wp:attachment":[{"href":"https:\/\/hidroingenia.com\/en\/wp-json\/wp\/v2\/media?parent=8930"}],"curies":[{"name":"wp","href":"https:\/\/api.w.org\/{rel}","templated":true}]}}