{"id":8924,"date":"2026-02-25T12:46:16","date_gmt":"2026-02-25T12:46:16","guid":{"rendered":"https:\/\/hidroingenia.com\/?page_id=8924"},"modified":"2026-02-25T13:44:18","modified_gmt":"2026-02-25T13:44:18","slug":"proyecto-nature","status":"publish","type":"page","link":"https:\/\/hidroingenia.com\/fr\/proyecto-nature\/","title":{"rendered":"Proyecto Nature"},"content":{"rendered":"<style>.elementor-8924 .elementor-element.elementor-element-240253d{--display:flex;--min-height:15vh;--flex-direction:row;--container-widget-width:initial;--container-widget-height:100%;--container-widget-flex-grow:1;--container-widget-align-self:stretch;--flex-wrap-mobile:wrap;}.elementor-8924 .elementor-element.elementor-element-c7d4723{--display:flex;--justify-content:flex-end;}.elementor-widget-heading .elementor-heading-title{font-family:var( --e-global-typography-primary-font-family ), Sans-serif;font-weight:var( --e-global-typography-primary-font-weight );color:var( --e-global-color-primary );}.elementor-8924 .elementor-element.elementor-element-070b3f5 .elementor-heading-title{font-family:\"Manrope\", Sans-serif;font-size:45px;font-weight:300;color:#000000;}.elementor-8924 .elementor-element.elementor-element-c8c3e8e{--display:flex;--justify-content:flex-end;}.elementor-8924 .elementor-element.elementor-element-de63610{--display:flex;--min-height:50vh;--flex-direction:column;--container-widget-width:100%;--container-widget-height:initial;--container-widget-flex-grow:0;--container-widget-align-self:initial;--flex-wrap-mobile:wrap;}.elementor-8924 .elementor-element.elementor-element-ccffd2a{--display:flex;--gap:00px 00px;--row-gap:00px;--column-gap:00px;--margin-top:0px;--margin-bottom:0px;--margin-left:0px;--margin-right:0px;--padding-top:0px;--padding-bottom:0px;--padding-left:0px;--padding-right:0px;}.elementor-widget-divider{--divider-color:var( --e-global-color-secondary );}.elementor-widget-divider .elementor-divider__text{color:var( --e-global-color-secondary );font-family:var( --e-global-typography-secondary-font-family ), Sans-serif;font-weight:var( --e-global-typography-secondary-font-weight );}.elementor-widget-divider.elementor-view-stacked .elementor-icon{background-color:var( --e-global-color-secondary );}.elementor-widget-divider.elementor-view-framed .elementor-icon, .elementor-widget-divider.elementor-view-default .elementor-icon{color:var( --e-global-color-secondary );border-color:var( --e-global-color-secondary );}.elementor-widget-divider.elementor-view-framed .elementor-icon, .elementor-widget-divider.elementor-view-default .elementor-icon svg{fill:var( --e-global-color-secondary );}.elementor-8924 .elementor-element.elementor-element-f423b0a{--divider-border-style:solid;--divider-color:#000;--divider-border-width:1.5px;margin:0px 0px calc(var(--kit-widget-spacing, 0px) + 0px) 0px;padding:0px 0px 0px 0px;}.elementor-8924 .elementor-element.elementor-element-f423b0a .elementor-divider-separator{width:92.5%;margin:0 auto;margin-center:0;}.elementor-8924 .elementor-element.elementor-element-f423b0a .elementor-divider{text-align:center;padding-block-start:4px;padding-block-end:4px;}.elementor-8924 .elementor-element.elementor-element-b6685ed{--display:flex;--min-height:50vh;--flex-direction:row;--container-widget-width:initial;--container-widget-height:100%;--container-widget-flex-grow:1;--container-widget-align-self:stretch;--flex-wrap-mobile:wrap;--gap:0px 0px;--row-gap:0px;--column-gap:0px;--margin-top:0px;--margin-bottom:0px;--margin-left:0px;--margin-right:0px;--padding-top:0px;--padding-bottom:0px;--padding-left:0px;--padding-right:0px;}.elementor-8924 .elementor-element.elementor-element-c338abf{--display:flex;--gap:0px 0px;--row-gap:0px;--column-gap:0px;--margin-top:0px;--margin-bottom:0px;--margin-left:0px;--margin-right:0px;--padding-top:0px;--padding-bottom:0px;--padding-left:0px;--padding-right:0px;}.elementor-widget-image .widget-image-caption{color:var( --e-global-color-text );font-family:var( --e-global-typography-text-font-family ), Sans-serif;font-weight:var( --e-global-typography-text-font-weight );}.elementor-8924 .elementor-element.elementor-element-2cbb35c{--display:flex;--flex-direction:column;--container-widget-width:100%;--container-widget-height:initial;--container-widget-flex-grow:0;--container-widget-align-self:initial;--flex-wrap-mobile:wrap;}.elementor-8924 .elementor-element.elementor-element-737b272{--display:flex;--min-height:240px;--justify-content:flex-start;--margin-top:0px;--margin-bottom:0px;--margin-left:0px;--margin-right:0px;--padding-top:0px;--padding-bottom:0px;--padding-left:0px;--padding-right:60px;}.elementor-8924 .elementor-element.elementor-element-737b272.e-con{--align-self:flex-end;}.elementor-8924 .elementor-element.elementor-element-2d5495e .elementor-heading-title{font-family:\"Manrope\", Sans-serif;font-size:45px;font-weight:400;color:#000000;}.elementor-8924 .elementor-element.elementor-element-2d5495e.elementor-element{--flex-grow:0;--flex-shrink:0;}.elementor-widget-text-editor{font-family:var( --e-global-typography-text-font-family ), Sans-serif;font-weight:var( --e-global-typography-text-font-weight );color:var( --e-global-color-text );}.elementor-widget-text-editor.elementor-drop-cap-view-stacked .elementor-drop-cap{background-color:var( --e-global-color-primary );}.elementor-widget-text-editor.elementor-drop-cap-view-framed .elementor-drop-cap, .elementor-widget-text-editor.elementor-drop-cap-view-default .elementor-drop-cap{color:var( --e-global-color-primary );border-color:var( --e-global-color-primary );}.elementor-8924 .elementor-element.elementor-element-9534932{font-family:\"Roboto Slab\", Sans-serif;font-weight:400;}.elementor-8924 .elementor-element.elementor-element-9534932 p{margin-block-end:0px;}.elementor-8924 .elementor-element.elementor-element-18f6306{font-family:\"Roboto Slab\", Sans-serif;font-weight:400;}.elementor-8924 .elementor-element.elementor-element-18f6306 p{margin-block-end:0px;}.elementor-8924 .elementor-element.elementor-element-3ada9c7{--display:flex;--min-height:280px;--justify-content:flex-end;--margin-top:0px;--margin-bottom:0px;--margin-left:0px;--margin-right:0px;--padding-top:0px;--padding-bottom:0px;--padding-left:0px;--padding-right:60px;}.elementor-8924 .elementor-element.elementor-element-3ada9c7.e-con{--align-self:flex-end;}.elementor-widget-button .elementor-button{font-family:var( --e-global-typography-accent-font-family ), Sans-serif;font-weight:var( --e-global-typography-accent-font-weight );background-color:var( --e-global-color-accent );}.elementor-8924 .elementor-element.elementor-element-aa5728e .elementor-button-content-wrapper{flex-direction:row-reverse;}.elementor-8924 .elementor-element.elementor-element-aa5728e .elementor-button{font-family:\"DM Sans\", Sans-serif;font-size:16px;font-weight:400;text-transform:uppercase;letter-spacing:1.5px;fill:var( --e-global-color-primary );color:var( --e-global-color-primary );background-color:#22283800;border-style:solid;border-width:1px 1px 1px 1px;border-color:var( --e-global-color-primary );border-radius:0px 0px 0px 0px;padding:11px 17px 11px 17px;}.elementor-8924 .elementor-element.elementor-element-aa5728e .elementor-button:hover, .elementor-8924 .elementor-element.elementor-element-aa5728e .elementor-button:focus{color:#000000;background-color:#FFFFFF;border-color:var( --e-global-color-primary );}.elementor-8924 .elementor-element.elementor-element-aa5728e .elementor-button:hover svg, .elementor-8924 .elementor-element.elementor-element-aa5728e .elementor-button:focus svg{fill:#000000;}.elementor-8924 .elementor-element.elementor-element-aa5728e{margin:0px 0px calc(var(--kit-widget-spacing, 0px) + 0px) 0px;}@media(min-width:768px){.elementor-8924 .elementor-element.elementor-element-737b272{--width:75%;}.elementor-8924 .elementor-element.elementor-element-3ada9c7{--width:75%;}}@media(max-width:1024px){.elementor-8924 .elementor-element.elementor-element-070b3f5 .elementor-heading-title{font-size:40px;}.elementor-8924 .elementor-element.elementor-element-070b3f5{margin:0px 150px calc(var(--kit-widget-spacing, 0px) + 0px) 0px;}.elementor-8924 .elementor-element.elementor-element-f423b0a .elementor-divider-separator{width:100%;}.elementor-8924 .elementor-element.elementor-element-2d5495e .elementor-heading-title{font-size:40px;}.elementor-8924 .elementor-element.elementor-element-2d5495e{margin:0px 150px calc(var(--kit-widget-spacing, 0px) + 0px) 0px;width:var( --container-widget-width, 310.672px );max-width:310.672px;--container-widget-width:310.672px;--container-widget-flex-grow:0;}.elementor-8924 .elementor-element.elementor-element-9534932{font-size:15px;}.elementor-8924 .elementor-element.elementor-element-18f6306{font-size:15px;}.elementor-8924 .elementor-element.elementor-element-3ada9c7{--min-height:1;}.elementor-8924 .elementor-element.elementor-element-aa5728e .elementor-button{font-size:12px;}}@media(max-width:767px){.elementor-8924 .elementor-element.elementor-element-070b3f5 .elementor-heading-title{font-size:30px;}.elementor-8924 .elementor-element.elementor-element-070b3f5{margin:0px 0px calc(var(--kit-widget-spacing, 0px) + 0px) 0px;}.elementor-8924 .elementor-element.elementor-element-c8c3e8e.e-con{--align-self:flex-start;}.elementor-8924 .elementor-element.elementor-element-ccffd2a{--margin-top:0px;--margin-bottom:0px;--margin-left:0px;--margin-right:0px;--padding-top:0px;--padding-bottom:0px;--padding-left:0px;--padding-right:0px;}.elementor-8924 .elementor-element.elementor-element-c338abf{--margin-top:0px;--margin-bottom:0px;--margin-left:0px;--margin-right:0px;--padding-top:0px;--padding-bottom:0px;--padding-left:0px;--padding-right:0px;}.elementor-8924 .elementor-element.elementor-element-2d5495e .elementor-heading-title{font-size:30px;}.elementor-8924 .elementor-element.elementor-element-2d5495e{margin:0px 0px calc(var(--kit-widget-spacing, 0px) + 0px) 0px;}.elementor-8924 .elementor-element.elementor-element-9534932{font-size:15px;}.elementor-8924 .elementor-element.elementor-element-18f6306{font-size:15px;}.elementor-8924 .elementor-element.elementor-element-3ada9c7{--min-height:10;}.elementor-8924 .elementor-element.elementor-element-aa5728e .elementor-button{font-size:12px;}}<\/style>\t\t<div data-elementor-type=\"wp-page\" data-elementor-id=\"8924\" class=\"elementor elementor-8924\" data-elementor-post-type=\"page\">\n\t\t\t\t<div class=\"elementor-element elementor-element-240253d e-con-full e-flex e-con e-parent\" data-id=\"240253d\" data-element_type=\"container\" data-e-type=\"container\">\n\t\t<div class=\"elementor-element elementor-element-c7d4723 e-flex e-con-boxed e-con e-child\" data-id=\"c7d4723\" data-element_type=\"container\" data-e-type=\"container\">\n\t\t\t\t\t<div class=\"e-con-inner\">\n\t\t\t\t<div class=\"elementor-element elementor-element-070b3f5 elementor-invisible elementor-widget elementor-widget-heading\" data-id=\"070b3f5\" data-element_type=\"widget\" data-e-type=\"widget\" data-settings=\"{&quot;_animation&quot;:&quot;fadeIn&quot;,&quot;_animation_delay&quot;:200}\" data-widget_type=\"heading.default\">\n\t\t\t\t\t<h1 class=\"elementor-heading-title elementor-size-default\">Nuestro Portafolio Nature<\/h1>\t\t\t\t<\/div>\n\t\t\t\t\t<\/div>\n\t\t\t\t<\/div>\n\t\t<div class=\"elementor-element elementor-element-c8c3e8e e-flex e-con-boxed e-con e-child\" data-id=\"c8c3e8e\" data-element_type=\"container\" data-e-type=\"container\">\n\t\t\t\t\t<div class=\"e-con-inner\">\n\t\t\t\t\t<\/div>\n\t\t\t\t<\/div>\n\t\t\t\t<\/div>\n\t\t<div class=\"elementor-element elementor-element-de63610 e-con-full e-flex e-con e-parent\" data-id=\"de63610\" data-element_type=\"container\" data-e-type=\"container\">\n\t\t<div class=\"elementor-element elementor-element-ccffd2a e-con-full e-flex e-con e-child\" data-id=\"ccffd2a\" data-element_type=\"container\" data-e-type=\"container\">\n\t\t\t\t<div class=\"elementor-element elementor-element-f423b0a elementor-widget-divider--view-line elementor-widget elementor-widget-divider\" data-id=\"f423b0a\" data-element_type=\"widget\" data-e-type=\"widget\" data-widget_type=\"divider.default\">\n\t\t\t\t\t\t\t<div class=\"elementor-divider\">\n\t\t\t<span class=\"elementor-divider-separator\">\n\t\t\t\t\t\t<\/span>\n\t\t<\/div>\n\t\t\t\t\t\t<\/div>\n\t\t\t\t<\/div>\n\t\t<div class=\"elementor-element elementor-element-b6685ed e-con-full e-flex e-con e-child\" data-id=\"b6685ed\" data-element_type=\"container\" data-e-type=\"container\">\n\t\t<div class=\"elementor-element elementor-element-c338abf e-con-full e-flex e-con e-child\" data-id=\"c338abf\" data-element_type=\"container\" data-e-type=\"container\">\n\t\t\t\t<div class=\"elementor-element elementor-element-10022ce elementor-widget elementor-widget-image\" data-id=\"10022ce\" data-element_type=\"widget\" data-e-type=\"widget\" data-widget_type=\"image.default\">\n\t\t\t\t\t\t\t\t\t\t\t\t\t\t\t<img fetchpriority=\"high\" decoding=\"async\" width=\"800\" height=\"601\" src=\"https:\/\/hidroingenia.com\/wp-content\/uploads\/2025\/07\/Jardin-Acuatico-en-Bless-Ibiza-Hotel-3-1024x769.webp\" class=\"attachment-large size-large wp-image-6057\" alt=\"\" srcset=\"https:\/\/hidroingenia.com\/wp-content\/uploads\/2025\/07\/Jardin-Acuatico-en-Bless-Ibiza-Hotel-3-1024x769.webp 1024w, https:\/\/hidroingenia.com\/wp-content\/uploads\/2025\/07\/Jardin-Acuatico-en-Bless-Ibiza-Hotel-3-300x225.webp 300w, https:\/\/hidroingenia.com\/wp-content\/uploads\/2025\/07\/Jardin-Acuatico-en-Bless-Ibiza-Hotel-3-768x577.webp 768w, https:\/\/hidroingenia.com\/wp-content\/uploads\/2025\/07\/Jardin-Acuatico-en-Bless-Ibiza-Hotel-3.webp 1400w\" sizes=\"(max-width: 800px) 100vw, 800px\" \/>\t\t\t\t\t\t\t\t\t\t\t\t\t\t\t<\/div>\n\t\t\t\t<\/div>\n\t\t<div class=\"elementor-element elementor-element-2cbb35c e-con-full e-flex e-con e-child\" data-id=\"2cbb35c\" data-element_type=\"container\" data-e-type=\"container\">\n\t\t<div class=\"elementor-element elementor-element-737b272 e-con-full e-flex e-con e-child\" data-id=\"737b272\" data-element_type=\"container\" data-e-type=\"container\">\n\t\t\t\t<div class=\"elementor-element elementor-element-2d5495e elementor-widget-tablet__width-initial elementor-invisible elementor-widget elementor-widget-heading\" data-id=\"2d5495e\" data-element_type=\"widget\" data-e-type=\"widget\" data-settings=\"{&quot;_animation&quot;:&quot;fadeIn&quot;,&quot;_animation_delay&quot;:200}\" data-widget_type=\"heading.default\">\n\t\t\t\t\t<p class=\"elementor-heading-title elementor-size-default\">Jardin aquatique \u00e0 l'h\u00f4tel Bless Ibiza<\/p>\t\t\t\t<\/div>\n\t\t\t\t<div class=\"elementor-element elementor-element-9534932 elementor-widget elementor-widget-text-editor\" data-id=\"9534932\" data-element_type=\"widget\" data-e-type=\"widget\" data-widget_type=\"text-editor.default\">\n\t\t\t\t\t\t\t\t\t<p><span dir=\"auto\">Ubicaci\u00f3n: &#8212;<\/span><\/p><p><span dir=\"auto\">Adquirido: 000<\/span><\/p>\t\t\t\t\t\t\t\t<\/div>\n\t\t\t\t<div class=\"elementor-element elementor-element-18f6306 elementor-widget elementor-widget-text-editor\" data-id=\"18f6306\" data-element_type=\"widget\" data-e-type=\"widget\" data-widget_type=\"text-editor.default\">\n\t\t\t\t\t\t\t\t\t<p><strong><span dir=\"auto\">DESCRIPCI\u00d3N<\/span><\/strong><br \/>Le jardin aquatique de l'h\u00f4tel Bless Ibiza est situ\u00e9 sur la plage, \u00e0 c\u00f4t\u00e9 des piscines de l'h\u00f4tel, et compl\u00e8te parfaitement la devise \u00abluxe h\u00e9doniste\u00bb de l'h\u00f4tel, qui est la deuxi\u00e8me ouverture de cette nouvelle marque de luxe du groupe h\u00f4telier Palladium.<\/p>\t\t\t\t\t\t\t\t<\/div>\n\t\t\t\t<\/div>\n\t\t<div class=\"elementor-element elementor-element-3ada9c7 e-con-full e-flex e-con e-child\" data-id=\"3ada9c7\" data-element_type=\"container\" data-e-type=\"container\">\n\t\t\t\t<div class=\"elementor-element elementor-element-aa5728e elementor-align-left elementor-widget elementor-widget-button\" data-id=\"aa5728e\" data-element_type=\"widget\" data-e-type=\"widget\" data-widget_type=\"button.default\">\n\t\t\t\t\t\t\t\t\t\t<a class=\"elementor-button elementor-button-link elementor-size-sm\" href=\"https:\/\/hidroingenia.com\/fr\/jardin-acuatico-en-bless-ibiza-hotel\/\">\n\t\t\t\t\t\t<span class=\"elementor-button-content-wrapper\">\n\t\t\t\t\t\t<span class=\"elementor-button-icon\">\n\t\t\t\t<svg aria-hidden=\"true\" class=\"e-font-icon-svg e-fas-arrow-right\" viewbox=\"0 0 448 512\" xmlns=\"http:\/\/www.w3.org\/2000\/svg\"><path d=\"M190.5 66.9l22.2-22.2c9.4-9.4 24.6-9.4 33.9 0L441 239c9.4 9.4 9.4 24.6 0 33.9L246.6 467.3c-9.4 9.4-24.6 9.4-33.9 0l-22.2-22.2c-9.5-9.5-9.3-25 .4-34.3L311.4 296H24c-13.3 0-24-10.7-24-24v-32c0-13.3 10.7-24 24-24h287.4L190.9 101.2c-9.8-9.3-10-24.8-.4-34.3z\"><\/path><\/svg>\t\t\t<\/span>\n\t\t\t\t\t\t\t\t\t<span class=\"elementor-button-text\">LEER M\u00c1S<\/span>\n\t\t\t\t\t<\/span>\n\t\t\t\t\t<\/a>\n\t\t\t\t\t\t\t\t<\/div>\n\t\t\t\t<\/div>\n\t\t\t\t<\/div>\n\t\t\t\t<\/div>\n\t\t\t\t<\/div>\n\t\t\t\t<\/div>","protected":false},"excerpt":{"rendered":"<p>Nuestro Portafolio Nature Jard\u00edn Acu\u00e1tico en Bless Ibiza Hotel Ubicaci\u00f3n: &#8212; Adquirido: 000 DESCRIPCI\u00d3NEl jard\u00edn acu\u00e1tico del Bless Ibiza Hotel se encuentra a pie de playa, junto a las piscinas del hotel y es el complemento perfecto del \u00ablujo hedonista\u00bb lema del hotel que es la segundo apertura de esta nueva marca de gran lujo [&hellip;]<\/p>\n","protected":false},"author":6,"featured_media":0,"parent":0,"menu_order":0,"comment_status":"closed","ping_status":"closed","template":"elementor_header_footer","meta":{"footnotes":""},"class_list":["post-8924","page","type-page","status-publish","hentry"],"_links":{"self":[{"href":"https:\/\/hidroingenia.com\/fr\/wp-json\/wp\/v2\/pages\/8924","targetHints":{"allow":["GET"]}}],"collection":[{"href":"https:\/\/hidroingenia.com\/fr\/wp-json\/wp\/v2\/pages"}],"about":[{"href":"https:\/\/hidroingenia.com\/fr\/wp-json\/wp\/v2\/types\/page"}],"author":[{"embeddable":true,"href":"https:\/\/hidroingenia.com\/fr\/wp-json\/wp\/v2\/users\/6"}],"replies":[{"embeddable":true,"href":"https:\/\/hidroingenia.com\/fr\/wp-json\/wp\/v2\/comments?post=8924"}],"version-history":[{"count":7,"href":"https:\/\/hidroingenia.com\/fr\/wp-json\/wp\/v2\/pages\/8924\/revisions"}],"predecessor-version":[{"id":8953,"href":"https:\/\/hidroingenia.com\/fr\/wp-json\/wp\/v2\/pages\/8924\/revisions\/8953"}],"wp:attachment":[{"href":"https:\/\/hidroingenia.com\/fr\/wp-json\/wp\/v2\/media?parent=8924"}],"curies":[{"name":"wp","href":"https:\/\/api.w.org\/{rel}","templated":true}]}}