{"id":9544,"date":"2026-04-15T12:24:38","date_gmt":"2026-04-15T12:24:38","guid":{"rendered":"https:\/\/hidroingenia.com\/?page_id=9544"},"modified":"2026-04-20T09:26:47","modified_gmt":"2026-04-20T09:26:47","slug":"proyectos-wild","status":"publish","type":"page","link":"https:\/\/hidroingenia.com\/fr\/proyectos-wild\/","title":{"rendered":"Proyectos WILD"},"content":{"rendered":"<style>.elementor-9544 .elementor-element.elementor-element-6d84f8e6{--display:flex;--min-height:90vh;--flex-direction:column;--container-widget-width:100%;--container-widget-height:initial;--container-widget-flex-grow:0;--container-widget-align-self:initial;--flex-wrap-mobile:wrap;--justify-content:flex-end;--gap:10px 10px;--row-gap:10px;--column-gap:10px;--overflow:hidden;--overlay-opacity:0.2;border-style:none;--border-style:none;--border-radius:60px 60px 0px 0px;--margin-top:-20%;--margin-bottom:0%;--margin-left:0%;--margin-right:0%;--padding-top:5%;--padding-bottom:14%;--padding-left:7%;--padding-right:7%;--z-index:50;}.elementor-9544 .elementor-element.elementor-element-6d84f8e6:not(.elementor-motion-effects-element-type-background), .elementor-9544 .elementor-element.elementor-element-6d84f8e6 > .elementor-motion-effects-container > .elementor-motion-effects-layer{background-color:#FFFFFF;}.elementor-9544 .elementor-element.elementor-element-6d84f8e6::before, .elementor-9544 .elementor-element.elementor-element-6d84f8e6 > .elementor-background-video-container::before, .elementor-9544 .elementor-element.elementor-element-6d84f8e6 > .e-con-inner > .elementor-background-video-container::before, .elementor-9544 .elementor-element.elementor-element-6d84f8e6 > .elementor-background-slideshow::before, .elementor-9544 .elementor-element.elementor-element-6d84f8e6 > .e-con-inner > .elementor-background-slideshow::before, .elementor-9544 .elementor-element.elementor-element-6d84f8e6 > .elementor-motion-effects-container > .elementor-motion-effects-layer::before{--background-overlay:'';background-color:#000000;}.elementor-widget-heading .elementor-heading-title{font-family:var( --e-global-typography-primary-font-family ), Sans-serif;font-weight:var( --e-global-typography-primary-font-weight );color:var( --e-global-color-primary );}.elementor-9544 .elementor-element.elementor-element-5db2b819{text-align:start;}.elementor-9544 .elementor-element.elementor-element-5db2b819 .elementor-heading-title{font-family:\"Trebuchet MS\", Sans-serif;font-size:75px;font-weight:500;line-height:1em;color:#FFFFFF;}.elementor-widget-text-editor{font-family:var( --e-global-typography-text-font-family ), Sans-serif;font-weight:var( --e-global-typography-text-font-weight );color:var( --e-global-color-text );}.elementor-widget-text-editor.elementor-drop-cap-view-stacked .elementor-drop-cap{background-color:var( --e-global-color-primary );}.elementor-widget-text-editor.elementor-drop-cap-view-framed .elementor-drop-cap, .elementor-widget-text-editor.elementor-drop-cap-view-default .elementor-drop-cap{color:var( --e-global-color-primary );border-color:var( --e-global-color-primary );}.elementor-9544 .elementor-element.elementor-element-494603f7{font-family:\"DM Sans\", Sans-serif;font-size:20px;font-weight:400;line-height:1.6em;color:#FFFFFF;margin:0px 0px calc(var(--kit-widget-spacing, 0px) + -73px) 0px;padding:0px 0px 0px 0px;width:var( --container-widget-width, 41.85% );max-width:41.85%;--container-widget-width:41.85%;--container-widget-flex-grow:0;}.elementor-9544 .elementor-element.elementor-element-494603f7.elementor-element{--flex-grow:0;--flex-shrink:0;}.elementor-9544 .elementor-element.elementor-element-426bfcdf{--display:flex;--flex-direction:row;--container-widget-width:initial;--container-widget-height:100%;--container-widget-flex-grow:1;--container-widget-align-self:stretch;--flex-wrap-mobile:wrap;--border-radius:0px 0px 0px 0px;--margin-top:-2%;--margin-bottom:0%;--margin-left:0%;--margin-right:0%;--padding-top:0%;--padding-bottom:0%;--padding-left:7%;--padding-right:7%;--z-index:1;}.elementor-9544 .elementor-element.elementor-element-426bfcdf:not(.elementor-motion-effects-element-type-background), .elementor-9544 .elementor-element.elementor-element-426bfcdf > .elementor-motion-effects-container > .elementor-motion-effects-layer{background-color:#FCFCFC;}.elementor-9544 .elementor-element.elementor-element-f144731{--display:flex;--flex-direction:column;--container-widget-width:calc( ( 1 - var( --container-widget-flex-grow ) ) * 100% );--container-widget-height:initial;--container-widget-flex-grow:0;--container-widget-align-self:initial;--flex-wrap-mobile:wrap;--justify-content:center;--align-items:center;--border-radius:0px 0px 0px 0px;--margin-top:-30px;--margin-bottom:0px;--margin-left:0px;--margin-right:0px;--padding-top:4%;--padding-bottom:4%;--padding-left:7%;--padding-right:7%;--z-index:91;}.elementor-9544 .elementor-element.elementor-element-f144731:not(.elementor-motion-effects-element-type-background), .elementor-9544 .elementor-element.elementor-element-f144731 > .elementor-motion-effects-container > .elementor-motion-effects-layer{background-color:#FFFFFF;}.elementor-9544 .elementor-element.elementor-element-100779ec{--display:flex;--flex-direction:row;--container-widget-width:calc( ( 1 - var( --container-widget-flex-grow ) ) * 100% );--container-widget-height:100%;--container-widget-flex-grow:1;--container-widget-align-self:stretch;--flex-wrap-mobile:wrap;--justify-content:space-between;--align-items:center;--gap:0px 0px;--row-gap:0px;--column-gap:0px;--margin-top:0px;--margin-bottom:0px;--margin-left:0px;--margin-right:0px;--padding-top:0px;--padding-bottom:0px;--padding-left:0px;--padding-right:0px;}.elementor-9544 .elementor-element.elementor-element-59407d4d .elementor-heading-title{font-family:\"Trebuchet MS\", Sans-serif;font-size:51px;font-weight:400;color:var( --e-global-color-primary );}.elementor-9544 .elementor-element.elementor-element-59407d4d{margin:-10px 0px calc(var(--kit-widget-spacing, 0px) + -5px) 0px;padding:0px 0px 0px 0px;}.elementor-9544 .elementor-element.elementor-element-465a281{--display:flex;--min-height:470px;--flex-direction:row;--container-widget-width:initial;--container-widget-height:100%;--container-widget-flex-grow:1;--container-widget-align-self:stretch;--flex-wrap-mobile:wrap;--gap:0px 0px;--row-gap:0px;--column-gap:0px;--margin-top:0px;--margin-bottom:0px;--margin-left:0px;--margin-right:0px;--padding-top:28px;--padding-bottom:40px;--padding-left:0px;--padding-right:0px;}.elementor-9544 .elementor-element.elementor-element-465a281:not(.elementor-motion-effects-element-type-background), .elementor-9544 .elementor-element.elementor-element-465a281 > .elementor-motion-effects-container > .elementor-motion-effects-layer{background-color:#FFFFFF;}.elementor-9544 .elementor-element.elementor-element-e28a360{--display:flex;--flex-direction:column;--container-widget-width:100%;--container-widget-height:initial;--container-widget-flex-grow:0;--container-widget-align-self:initial;--flex-wrap-mobile:wrap;--gap:30px 0px;--row-gap:30px;--column-gap:0px;--overlay-opacity:0.5;--border-radius:15px 15px 15px 15px;box-shadow:0px 17px 25px -10px rgba(100.3, 99.20978260869563, 99.20978260869563, 0.6);--margin-top:0px;--margin-bottom:0px;--margin-left:-60px;--margin-right:40px;--padding-top:20px;--padding-bottom:20px;--padding-left:20px;--padding-right:20px;}.elementor-9544 .elementor-element.elementor-element-e28a360::before, .elementor-9544 .elementor-element.elementor-element-e28a360 > .elementor-background-video-container::before, .elementor-9544 .elementor-element.elementor-element-e28a360 > .e-con-inner > .elementor-background-video-container::before, .elementor-9544 .elementor-element.elementor-element-e28a360 > .elementor-background-slideshow::before, .elementor-9544 .elementor-element.elementor-element-e28a360 > .e-con-inner > .elementor-background-slideshow::before, .elementor-9544 .elementor-element.elementor-element-e28a360 > .elementor-motion-effects-container > .elementor-motion-effects-layer::before{--background-overlay:'';}.elementor-9544 .elementor-element.elementor-element-e28a360.elementor-element.e-flex::before{content:\"\";width:100%;height:100%;position:absolute;left:0;top:0;-webkit-backdrop-filter:blur(0px);backdrop-filter:blur(0px);border-radius:inherit;background-color:inherit;}.elementor-widget-image .widget-image-caption{color:var( --e-global-color-text );font-family:var( --e-global-typography-text-font-family ), Sans-serif;font-weight:var( --e-global-typography-text-font-weight );}.elementor-9544 .elementor-element.elementor-element-982f496 img{border-radius:15px 15px 15px 15px;}.elementor-9544 .elementor-element.elementor-element-5962bf7 .elementor-heading-title{font-family:\"Inter\", Sans-serif;font-size:26px;font-weight:400;}.elementor-widget-button .elementor-button{font-family:var( --e-global-typography-accent-font-family ), Sans-serif;font-weight:var( --e-global-typography-accent-font-weight );background-color:var( --e-global-color-accent );}.elementor-9544 .elementor-element.elementor-element-86b6566 .elementor-button{font-family:\"DM Sans\", Sans-serif;font-size:12px;font-weight:500;line-height:18px;fill:var( --e-global-color-primary );color:var( --e-global-color-primary );background-color:#FFFFFF;border-style:solid;border-width:1px 1px 1px 1px;border-color:var( --e-global-color-primary );padding:6px 6px 6px 6px;}.elementor-9544 .elementor-element.elementor-element-86b6566 .elementor-button:hover, .elementor-9544 .elementor-element.elementor-element-86b6566 .elementor-button:focus{color:#FFFFFF;background-color:var( --e-global-color-primary );}.elementor-9544 .elementor-element.elementor-element-86b6566 .elementor-button:hover svg, .elementor-9544 .elementor-element.elementor-element-86b6566 .elementor-button:focus svg{fill:#FFFFFF;}:root{--page-title-display:none;}body.elementor-page-9544{padding:16px 16px 16px 16px;}body.elementor-page-9544:not(.elementor-motion-effects-element-type-background), body.elementor-page-9544 > .elementor-motion-effects-container > .elementor-motion-effects-layer{background-color:#191919;}@media(max-width:1024px){.elementor-9544 .elementor-element.elementor-element-6d84f8e6{--min-height:55vh;--border-radius:30px 30px 30px 30px;--margin-top:-24%;--margin-bottom:0%;--margin-left:0%;--margin-right:0%;--padding-top:5%;--padding-bottom:20%;--padding-left:5%;--padding-right:5%;}.elementor-9544 .elementor-element.elementor-element-5db2b819 .elementor-heading-title{font-size:43px;}.elementor-9544 .elementor-element.elementor-element-494603f7{font-size:20px;--container-widget-width:70%;--container-widget-flex-grow:0;width:var( --container-widget-width, 70% );max-width:70%;}.elementor-9544 .elementor-element.elementor-element-426bfcdf{--padding-top:3%;--padding-bottom:0%;--padding-left:7%;--padding-right:07%;}.elementor-9544 .elementor-element.elementor-element-f144731{--gap:18px 10px;--row-gap:18px;--column-gap:10px;--border-radius:0px 0px 0px 0px;--margin-top:0px;--margin-bottom:0px;--margin-left:0px;--margin-right:0px;--padding-top:9%;--padding-bottom:0%;--padding-left:6%;--padding-right:6%;}.elementor-9544 .elementor-element.elementor-element-59407d4d .elementor-heading-title{font-size:40px;}}@media(max-width:767px){.elementor-9544 .elementor-element.elementor-element-6d84f8e6{--min-height:65vh;--border-radius:0px 0px 0px 0px;--margin-top:-20%;--margin-bottom:0%;--margin-left:0%;--margin-right:0%;--padding-top:10%;--padding-bottom:40%;--padding-left:7%;--padding-right:11%;}.elementor-9544 .elementor-element.elementor-element-5db2b819 .elementor-heading-title{font-size:40px;}.elementor-9544 .elementor-element.elementor-element-5db2b819{margin:80px 0px calc(var(--kit-widget-spacing, 0px) + 0px) 0px;}.elementor-9544 .elementor-element.elementor-element-494603f7{font-size:18px;--container-widget-width:100%;--container-widget-flex-grow:0;width:var( --container-widget-width, 100% );max-width:100%;}.elementor-9544 .elementor-element.elementor-element-426bfcdf{--border-radius:0px 0px 0px 0px;--margin-top:0px;--margin-bottom:0px;--margin-left:0px;--margin-right:0px;--padding-top:0px;--padding-bottom:0px;--padding-left:20px;--padding-right:20px;}.elementor-9544 .elementor-element.elementor-element-f144731{--gap:44px 44px;--row-gap:44px;--column-gap:44px;--border-radius:0px 0px 0px 0px;--margin-top:0px;--margin-bottom:0px;--margin-left:0px;--margin-right:0px;--padding-top:60px;--padding-bottom:0px;--padding-left:15px;--padding-right:15px;}.elementor-9544 .elementor-element.elementor-element-100779ec{--width:93%;}.elementor-9544 .elementor-element.elementor-element-59407d4d{text-align:start;margin:0px 0px calc(var(--kit-widget-spacing, 0px) + 0px) 0px;}.elementor-9544 .elementor-element.elementor-element-59407d4d .elementor-heading-title{font-size:35px;}.elementor-9544 .elementor-element.elementor-element-465a281{--flex-direction:column;--container-widget-width:calc( ( 1 - var( --container-widget-flex-grow ) ) * 100% );--container-widget-height:initial;--container-widget-flex-grow:0;--container-widget-align-self:initial;--flex-wrap-mobile:wrap;--align-items:center;--gap:20px 20px;--row-gap:20px;--column-gap:20px;--margin-top:0px;--margin-bottom:0px;--margin-left:0px;--margin-right:0px;--padding-top:25px;--padding-bottom:25px;--padding-left:25px;--padding-right:25px;}.elementor-9544 .elementor-element.elementor-element-e28a360{--margin-top:0px;--margin-bottom:0px;--margin-left:0px;--margin-right:0px;}.elementor-9544 .elementor-element.elementor-element-e28a360.e-con{--align-self:flex-start;}.elementor-9544 .elementor-element.elementor-element-982f496{margin:0px 0px calc(var(--kit-widget-spacing, 0px) + 0px) 0px;}.elementor-9544 .elementor-element.elementor-element-982f496.elementor-element{--align-self:center;}body.elementor-page-9544{padding:0px 0px 0px 0px;}}@media(min-width:768px){.elementor-9544 .elementor-element.elementor-element-426bfcdf{--width:100%;}.elementor-9544 .elementor-element.elementor-element-f144731{--content-width:100%;}.elementor-9544 .elementor-element.elementor-element-100779ec{--width:100%;}.elementor-9544 .elementor-element.elementor-element-465a281{--content-width:1304px;}.elementor-9544 .elementor-element.elementor-element-e28a360{--width:25%;}}@media(max-width:1024px) and (min-width:768px){.elementor-9544 .elementor-element.elementor-element-100779ec{--width:100%;}}<\/style>\t\t<div data-elementor-type=\"wp-page\" data-elementor-id=\"9544\" class=\"elementor elementor-9544\" data-elementor-post-type=\"page\">\n\t\t\t\t<div class=\"elementor-element elementor-element-6d84f8e6 e-con-full e-flex e-con e-parent\" data-id=\"6d84f8e6\" data-element_type=\"container\" data-e-type=\"container\" data-settings=\"{&quot;background_background&quot;:&quot;video&quot;,&quot;background_video_link&quot;:&quot;https:\\\/\\\/hidroingenia.com\\\/wp-content\\\/uploads\\\/2025\\\/07\\\/ANMACION-WILD.webm&quot;,&quot;background_play_on_mobile&quot;:&quot;yes&quot;}\">\n\t\t<div class=\"elementor-background-video-container\">\n\t\t\t\t\t\t\t<video class=\"elementor-background-video-hosted\" role=\"presentation\" autoplay muted playsinline loop><\/video>\n\t\t\t\t\t<\/div>\t\t<div class=\"elementor-element elementor-element-5db2b819 elementor-invisible elementor-widget elementor-widget-heading\" data-id=\"5db2b819\" data-element_type=\"widget\" data-e-type=\"widget\" data-settings=\"{&quot;_animation&quot;:&quot;fadeInUp&quot;}\" data-widget_type=\"heading.default\">\n\t\t\t\t\t<h2 class=\"elementor-heading-title elementor-size-default\">Sauvage<\/h2>\t\t\t\t<\/div>\n\t\t\t\t<div class=\"elementor-element elementor-element-494603f7 elementor-widget__width-initial elementor-invisible elementor-widget elementor-widget-text-editor\" data-id=\"494603f7\" data-element_type=\"widget\" data-e-type=\"widget\" data-settings=\"{&quot;_animation&quot;:&quot;fadeInUp&quot;}\" data-widget_type=\"text-editor.default\">\n\t\t\t\t\t\t\t\t\t<p>Notre \u00e9quipe de professionnels con\u00e7oit et construit des habitats pour tous les types d'animaux, en particulier les animaux aquatiques et marins.<\/p>\t\t\t\t\t\t\t\t<\/div>\n\t\t\t\t<\/div>\n\t\t<div class=\"elementor-element elementor-element-426bfcdf e-con-full e-flex e-con e-parent\" data-id=\"426bfcdf\" data-element_type=\"container\" data-e-type=\"container\" data-settings=\"{&quot;background_background&quot;:&quot;classic&quot;}\">\n\t\t\t\t<\/div>\n\t\t<div class=\"elementor-element elementor-element-f144731 e-flex e-con-boxed e-con e-parent\" data-id=\"f144731\" data-element_type=\"container\" data-e-type=\"container\" data-settings=\"{&quot;background_background&quot;:&quot;classic&quot;}\">\n\t\t\t\t\t<div class=\"e-con-inner\">\n\t\t<div class=\"elementor-element elementor-element-100779ec e-con-full e-flex e-con e-child\" data-id=\"100779ec\" data-element_type=\"container\" data-e-type=\"container\">\n\t\t\t\t<div class=\"elementor-element elementor-element-59407d4d elementor-widget elementor-widget-heading\" data-id=\"59407d4d\" data-element_type=\"widget\" data-e-type=\"widget\" data-widget_type=\"heading.default\">\n\t\t\t\t\t<h2 class=\"elementor-heading-title elementor-size-default\">Projets<\/h2>\t\t\t\t<\/div>\n\t\t\t\t<\/div>\n\t\t\t\t\t<\/div>\n\t\t\t\t<\/div>\n\t\t<div class=\"elementor-element elementor-element-465a281 e-flex e-con-boxed e-con e-parent\" data-id=\"465a281\" data-element_type=\"container\" data-e-type=\"container\" data-settings=\"{&quot;background_background&quot;:&quot;classic&quot;}\">\n\t\t\t\t\t<div class=\"e-con-inner\">\n\t\t<div class=\"elementor-element elementor-element-e28a360 e-con-full e-flex e-con e-child\" data-id=\"e28a360\" data-element_type=\"container\" data-e-type=\"container\">\n\t\t\t\t<div class=\"elementor-element elementor-element-982f496 elementor-widget elementor-widget-image\" data-id=\"982f496\" data-element_type=\"widget\" data-e-type=\"widget\" data-widget_type=\"image.default\">\n\t\t\t\t\t\t\t\t\t\t\t\t\t\t\t<img fetchpriority=\"high\" decoding=\"async\" width=\"800\" height=\"535\" src=\"https:\/\/hidroingenia.com\/wp-content\/uploads\/2026\/04\/Delfinario-Selwo-Marina-4-1024x685.webp\" class=\"attachment-large size-large wp-image-10937\" alt=\"\" srcset=\"https:\/\/hidroingenia.com\/wp-content\/uploads\/2026\/04\/Delfinario-Selwo-Marina-4-1024x685.webp 1024w, https:\/\/hidroingenia.com\/wp-content\/uploads\/2026\/04\/Delfinario-Selwo-Marina-4-300x201.webp 300w, https:\/\/hidroingenia.com\/wp-content\/uploads\/2026\/04\/Delfinario-Selwo-Marina-4-768x514.webp 768w, https:\/\/hidroingenia.com\/wp-content\/uploads\/2026\/04\/Delfinario-Selwo-Marina-4-1536x1028.webp 1536w, https:\/\/hidroingenia.com\/wp-content\/uploads\/2026\/04\/Delfinario-Selwo-Marina-4-18x12.webp 18w, https:\/\/hidroingenia.com\/wp-content\/uploads\/2026\/04\/Delfinario-Selwo-Marina-4.webp 1600w\" sizes=\"(max-width: 800px) 100vw, 800px\" \/>\t\t\t\t\t\t\t\t\t\t\t\t\t\t\t<\/div>\n\t\t\t\t<div class=\"elementor-element elementor-element-5962bf7 elementor-widget elementor-widget-heading\" data-id=\"5962bf7\" data-element_type=\"widget\" data-e-type=\"widget\" data-widget_type=\"heading.default\">\n\t\t\t\t\t<h2 class=\"elementor-heading-title elementor-size-default\">Delfinario Selwo Marina<\/h2>\t\t\t\t<\/div>\n\t\t\t\t<div class=\"elementor-element elementor-element-86b6566 elementor-widget elementor-widget-button\" data-id=\"86b6566\" data-element_type=\"widget\" data-e-type=\"widget\" data-widget_type=\"button.default\">\n\t\t\t\t\t\t\t\t\t\t<a class=\"elementor-button elementor-button-link elementor-size-sm\" href=\"https:\/\/hidroingenia.com\/fr\/wild-delfinario-selwo-marina\/\">\n\t\t\t\t\t\t<span class=\"elementor-button-content-wrapper\">\n\t\t\t\t\t\t\t\t\t<span class=\"elementor-button-text\">VER PROYECTO<\/span>\n\t\t\t\t\t<\/span>\n\t\t\t\t\t<\/a>\n\t\t\t\t\t\t\t\t<\/div>\n\t\t\t\t<\/div>\n\t\t\t\t\t<\/div>\n\t\t\t\t<\/div>\n\t\t\t\t<\/div>","protected":false},"excerpt":{"rendered":"<p>Wild Nuestro equipo de profesionales dise\u00f1a y construye h\u00e1bitats de todo tipo de animales, especialmente acu\u00e1ticos y marinos. Proyectos Delfinario Selwo Marina VER PROYECTO<\/p>","protected":false},"author":5,"featured_media":0,"parent":0,"menu_order":0,"comment_status":"closed","ping_status":"closed","template":"elementor_header_footer","meta":{"footnotes":""},"class_list":["post-9544","page","type-page","status-publish","hentry"],"_links":{"self":[{"href":"https:\/\/hidroingenia.com\/fr\/wp-json\/wp\/v2\/pages\/9544","targetHints":{"allow":["GET"]}}],"collection":[{"href":"https:\/\/hidroingenia.com\/fr\/wp-json\/wp\/v2\/pages"}],"about":[{"href":"https:\/\/hidroingenia.com\/fr\/wp-json\/wp\/v2\/types\/page"}],"author":[{"embeddable":true,"href":"https:\/\/hidroingenia.com\/fr\/wp-json\/wp\/v2\/users\/5"}],"replies":[{"embeddable":true,"href":"https:\/\/hidroingenia.com\/fr\/wp-json\/wp\/v2\/comments?post=9544"}],"version-history":[{"count":33,"href":"https:\/\/hidroingenia.com\/fr\/wp-json\/wp\/v2\/pages\/9544\/revisions"}],"predecessor-version":[{"id":11832,"href":"https:\/\/hidroingenia.com\/fr\/wp-json\/wp\/v2\/pages\/9544\/revisions\/11832"}],"wp:attachment":[{"href":"https:\/\/hidroingenia.com\/fr\/wp-json\/wp\/v2\/media?parent=9544"}],"curies":[{"name":"wp","href":"https:\/\/api.w.org\/{rel}","templated":true}]}}