{"id":552,"date":"2025-05-26T15:06:00","date_gmt":"2025-05-26T15:06:00","guid":{"rendered":"https:\/\/hidroingenia.com?page_id=552"},"modified":"2025-07-14T11:58:41","modified_gmt":"2025-07-14T11:58:41","slug":"blog","status":"publish","type":"page","link":"https:\/\/hidroingenia.com\/it\/blog\/","title":{"rendered":"Blog"},"content":{"rendered":"<style>.elementor-552 .elementor-element.elementor-element-adf11ae{--display:flex;}.elementor-552 .elementor-element.elementor-element-1f4f341{--display:flex;}.elementor-widget-heading .elementor-heading-title{font-family:var( --e-global-typography-primary-font-family ), Sans-serif;font-weight:var( --e-global-typography-primary-font-weight );color:var( --e-global-color-primary );}.elementor-552 .elementor-element.elementor-element-ef5c5c6 .elementor-heading-title{font-family:\"Roboto\", Sans-serif;font-weight:600;color:#003B5C;}.elementor-552 .elementor-element.elementor-element-ef5c5c6{margin:0px 0px calc(var(--kit-widget-spacing, 0px) + 0px) -8px;}.elementor-widget-posts .elementor-post__title, .elementor-widget-posts .elementor-post__title a{color:var( --e-global-color-secondary );font-family:var( --e-global-typography-primary-font-family ), Sans-serif;font-weight:var( --e-global-typography-primary-font-weight );}.elementor-widget-posts .elementor-post__meta-data{font-family:var( --e-global-typography-secondary-font-family ), Sans-serif;font-weight:var( --e-global-typography-secondary-font-weight );}.elementor-widget-posts .elementor-post__excerpt p{font-family:var( --e-global-typography-text-font-family ), Sans-serif;font-weight:var( --e-global-typography-text-font-weight );}.elementor-widget-posts .elementor-post__read-more{color:var( --e-global-color-accent );}.elementor-widget-posts a.elementor-post__read-more{font-family:var( --e-global-typography-accent-font-family ), Sans-serif;font-weight:var( --e-global-typography-accent-font-weight );}.elementor-widget-posts .elementor-post__card .elementor-post__badge{background-color:var( --e-global-color-accent );font-family:var( --e-global-typography-accent-font-family ), Sans-serif;font-weight:var( --e-global-typography-accent-font-weight );}.elementor-widget-posts .elementor-pagination{font-family:var( --e-global-typography-secondary-font-family ), Sans-serif;font-weight:var( --e-global-typography-secondary-font-weight );}.elementor-widget-posts .elementor-button{font-family:var( --e-global-typography-accent-font-family ), Sans-serif;font-weight:var( --e-global-typography-accent-font-weight );background-color:var( --e-global-color-accent );}.elementor-widget-posts .e-load-more-message{font-family:var( --e-global-typography-secondary-font-family ), Sans-serif;font-weight:var( --e-global-typography-secondary-font-weight );}.elementor-552 .elementor-element.elementor-element-f6be6da .elementor-posts-container .elementor-post__thumbnail{padding-bottom:calc( 0.55 * 100% );}.elementor-552 .elementor-element.elementor-element-f6be6da:after{content:\"0.55\";}.elementor-552 .elementor-element.elementor-element-f6be6da .elementor-post__thumbnail__link{width:100%;}.elementor-552 .elementor-element.elementor-element-f6be6da .elementor-post__meta-data span + span:before{content:\"\/\/\/\";}.elementor-552 .elementor-element.elementor-element-f6be6da{--grid-column-gap:19px;--grid-row-gap:28px;}.elementor-552 .elementor-element.elementor-element-f6be6da .elementor-post{padding:0px 0px 0px 0px;box-shadow:0px 0px 10px 0px rgba(0,0,0,0.5);}.elementor-552 .elementor-element.elementor-element-f6be6da .elementor-post__text{padding:0px 0px 0px 0px;}.elementor-552 .elementor-element.elementor-element-f6be6da.elementor-posts--thumbnail-left .elementor-post__thumbnail__link{margin-right:20px;}.elementor-552 .elementor-element.elementor-element-f6be6da.elementor-posts--thumbnail-right .elementor-post__thumbnail__link{margin-left:20px;}.elementor-552 .elementor-element.elementor-element-f6be6da.elementor-posts--thumbnail-top .elementor-post__thumbnail__link{margin-bottom:20px;}.elementor-552 .elementor-element.elementor-element-f6be6da .elementor-post__title, .elementor-552 .elementor-element.elementor-element-f6be6da .elementor-post__title a{color:#003B5C;font-family:\"Roboto\", Sans-serif;font-weight:600;text-decoration:none;}.elementor-552 .elementor-element.elementor-element-f6be6da .elementor-post__title{-webkit-text-stroke-color:#000;stroke:#000;margin-bottom:0px;}.elementor-552 .elementor-element.elementor-element-f6be6da .elementor-post__meta-data{color:#1D0909;}.elementor-552 .elementor-element.elementor-element-f6be6da > .elementor-widget-container{margin:0px 0px 0px 0px;}.elementor-552 .elementor-element.elementor-element-f6be6da.elementor-element{--align-self:flex-start;}:root{--page-title-display:none;}@media(max-width:767px){.elementor-552 .elementor-element.elementor-element-f6be6da .elementor-posts-container .elementor-post__thumbnail{padding-bottom:calc( 0.5 * 100% );}.elementor-552 .elementor-element.elementor-element-f6be6da:after{content:\"0.5\";}.elementor-552 .elementor-element.elementor-element-f6be6da .elementor-post__thumbnail__link{width:100%;}}<\/style>\t\t<div data-elementor-type=\"wp-page\" data-elementor-id=\"552\" class=\"elementor elementor-552\" data-elementor-post-type=\"page\">\n\t\t\t\t<div class=\"elementor-element elementor-element-adf11ae e-flex e-con-boxed e-con e-parent\" data-id=\"adf11ae\" data-element_type=\"container\" data-e-type=\"container\">\n\t\t\t\t\t<div class=\"e-con-inner\">\n\t\t<div class=\"elementor-element elementor-element-1f4f341 e-con-full e-flex e-con e-child\" data-id=\"1f4f341\" data-element_type=\"container\" data-e-type=\"container\">\n\t\t\t\t<div class=\"elementor-element elementor-element-ef5c5c6 elementor-widget elementor-widget-heading\" data-id=\"ef5c5c6\" data-element_type=\"widget\" data-e-type=\"widget\" data-widget_type=\"heading.default\">\n\t\t\t\t\t<h2 class=\"elementor-heading-title elementor-size-default\">Blog<\/h2>\t\t\t\t<\/div>\n\t\t\t\t<\/div>\n\t\t\t\t<div class=\"elementor-element elementor-element-f6be6da elementor-grid-4 elementor-grid-tablet-2 elementor-grid-mobile-1 elementor-posts--thumbnail-top elementor-widget elementor-widget-posts\" data-id=\"f6be6da\" data-element_type=\"widget\" data-e-type=\"widget\" data-settings=\"{&quot;classic_columns&quot;:&quot;4&quot;,&quot;classic_row_gap&quot;:{&quot;unit&quot;:&quot;px&quot;,&quot;size&quot;:28,&quot;sizes&quot;:[]},&quot;classic_columns_tablet&quot;:&quot;2&quot;,&quot;classic_columns_mobile&quot;:&quot;1&quot;,&quot;classic_row_gap_tablet&quot;:{&quot;unit&quot;:&quot;px&quot;,&quot;size&quot;:&quot;&quot;,&quot;sizes&quot;:[]},&quot;classic_row_gap_mobile&quot;:{&quot;unit&quot;:&quot;px&quot;,&quot;size&quot;:&quot;&quot;,&quot;sizes&quot;:[]}}\" data-widget_type=\"posts.classic\">\n\t\t\t\t<div class=\"elementor-widget-container\">\n\t\t\t\t\t\t\t<div class=\"elementor-posts-container elementor-posts elementor-posts--skin-classic elementor-grid\" role=\"list\">\n\t\t\t\t<article class=\"elementor-post elementor-grid-item post-9455 post type-post status-publish format-standard has-post-thumbnail hentry category-blog\" role=\"listitem\">\n\t\t\t\t<a class=\"elementor-post__thumbnail__link\" href=\"https:\/\/hidroingenia.com\/it\/piscinas-en-hoteles-como-influye-el-diseno-hidraulico-en-la-experiencia-del-cliente\/\" tabindex=\"-1\" >\n\t\t\t<div class=\"elementor-post__thumbnail\"><img fetchpriority=\"high\" decoding=\"async\" width=\"300\" height=\"169\" src=\"https:\/\/hidroingenia.com\/wp-content\/uploads\/2026\/04\/BLOG-21-300x169.png\" class=\"attachment-medium size-medium wp-image-9458\" alt=\"\" srcset=\"https:\/\/hidroingenia.com\/wp-content\/uploads\/2026\/04\/BLOG-21-300x169.png 300w, https:\/\/hidroingenia.com\/wp-content\/uploads\/2026\/04\/BLOG-21-1024x576.png 1024w, https:\/\/hidroingenia.com\/wp-content\/uploads\/2026\/04\/BLOG-21-768x432.png 768w, https:\/\/hidroingenia.com\/wp-content\/uploads\/2026\/04\/BLOG-21-1536x864.png 1536w, https:\/\/hidroingenia.com\/wp-content\/uploads\/2026\/04\/BLOG-21-2048x1152.png 2048w, https:\/\/hidroingenia.com\/wp-content\/uploads\/2026\/04\/BLOG-21-18x10.png 18w\" sizes=\"(max-width: 300px) 100vw, 300px\" \/><\/div>\n\t\t<\/a>\n\t\t\t\t<div class=\"elementor-post__text\">\n\t\t\t\t<h3 class=\"elementor-post__title\">\n\t\t\t<a href=\"https:\/\/hidroingenia.com\/it\/piscinas-en-hoteles-como-influye-el-diseno-hidraulico-en-la-experiencia-del-cliente\/\" >\n\t\t\t\tPiscinas en hoteles: c\u00f3mo influye el dise\u00f1o hidr\u00e1ulico en la experiencia del cliente\t\t\t<\/a>\n\t\t<\/h3>\n\t\t\t\t<div class=\"elementor-post__meta-data\">\n\t\t\t\t\t<span class=\"elementor-post-date\">\n\t\t\tAprile 9, 2026\t\t<\/span>\n\t\t\t\t<span class=\"elementor-post-avatar\">\n\t\t\tNessun commento\t\t<\/span>\n\t\t\t\t<\/div>\n\t\t\n\t\t<a class=\"elementor-post__read-more\" href=\"https:\/\/hidroingenia.com\/it\/piscinas-en-hoteles-como-influye-el-diseno-hidraulico-en-la-experiencia-del-cliente\/\" aria-label=\"Leggi tutto Piscinas en hoteles: c\u00f3mo influye el dise\u00f1o hidr\u00e1ulico en la experiencia del cliente\" tabindex=\"-1\" >\n\t\t\tLeggi di pi\u00f9 \u00bb\t\t<\/a>\n\n\t\t\t\t<\/div>\n\t\t\t\t<\/article>\n\t\t\t\t<article class=\"elementor-post elementor-grid-item post-6657 post type-post status-publish format-standard has-post-thumbnail hentry category-blog\" role=\"listitem\">\n\t\t\t\t<a class=\"elementor-post__thumbnail__link\" href=\"https:\/\/hidroingenia.com\/it\/la-importancia-del-control-de-ph-y-cloro-en-piscinas-como-automatizar-el-proceso-para-un-agua-impecable\/\" tabindex=\"-1\" >\n\t\t\t<div class=\"elementor-post__thumbnail\"><img decoding=\"async\" width=\"300\" height=\"169\" src=\"https:\/\/hidroingenia.com\/wp-content\/uploads\/2025\/09\/BLOG-21-2-300x169.png\" class=\"attachment-medium size-medium wp-image-6659\" alt=\"\" srcset=\"https:\/\/hidroingenia.com\/wp-content\/uploads\/2025\/09\/BLOG-21-2-300x169.png 300w, https:\/\/hidroingenia.com\/wp-content\/uploads\/2025\/09\/BLOG-21-2-1024x576.png 1024w, https:\/\/hidroingenia.com\/wp-content\/uploads\/2025\/09\/BLOG-21-2-768x432.png 768w, https:\/\/hidroingenia.com\/wp-content\/uploads\/2025\/09\/BLOG-21-2-1536x864.png 1536w, https:\/\/hidroingenia.com\/wp-content\/uploads\/2025\/09\/BLOG-21-2-2048x1152.png 2048w\" sizes=\"(max-width: 300px) 100vw, 300px\" \/><\/div>\n\t\t<\/a>\n\t\t\t\t<div class=\"elementor-post__text\">\n\t\t\t\t<h3 class=\"elementor-post__title\">\n\t\t\t<a href=\"https:\/\/hidroingenia.com\/it\/la-importancia-del-control-de-ph-y-cloro-en-piscinas-como-automatizar-el-proceso-para-un-agua-impecable\/\" >\n\t\t\t\tLa importancia del control de pH y cloro en piscinas: c\u00f3mo automatizar el proceso para un agua impecable\t\t\t<\/a>\n\t\t<\/h3>\n\t\t\t\t<div class=\"elementor-post__meta-data\">\n\t\t\t\t\t<span class=\"elementor-post-date\">\n\t\t\tAprile 3, 2026\t\t<\/span>\n\t\t\t\t<span class=\"elementor-post-avatar\">\n\t\t\tNessun commento\t\t<\/span>\n\t\t\t\t<\/div>\n\t\t\n\t\t<a class=\"elementor-post__read-more\" href=\"https:\/\/hidroingenia.com\/it\/la-importancia-del-control-de-ph-y-cloro-en-piscinas-como-automatizar-el-proceso-para-un-agua-impecable\/\" aria-label=\"Leggi tutto La importancia del control de pH y cloro en piscinas: c\u00f3mo automatizar el proceso para un agua impecable\" tabindex=\"-1\" >\n\t\t\tLeggi di pi\u00f9 \u00bb\t\t<\/a>\n\n\t\t\t\t<\/div>\n\t\t\t\t<\/article>\n\t\t\t\t<article class=\"elementor-post elementor-grid-item post-9385 post type-post status-publish format-standard hentry category-uncategorized\" role=\"listitem\">\n\t\t\t\t<div class=\"elementor-post__text\">\n\t\t\t\t<h3 class=\"elementor-post__title\">\n\t\t\t<a href=\"https:\/\/hidroingenia.com\/it\/elementor-9385\/\" >\n\t\t\t\tElementor #9385\t\t\t<\/a>\n\t\t<\/h3>\n\t\t\t\t<div class=\"elementor-post__meta-data\">\n\t\t\t\t\t<span class=\"elementor-post-date\">\n\t\t\tMarzo 30, 2026\t\t<\/span>\n\t\t\t\t<span class=\"elementor-post-avatar\">\n\t\t\tNessun commento\t\t<\/span>\n\t\t\t\t<\/div>\n\t\t\n\t\t<a class=\"elementor-post__read-more\" href=\"https:\/\/hidroingenia.com\/it\/elementor-9385\/\" aria-label=\"Leggi tutto Elementor #9385\" tabindex=\"-1\" >\n\t\t\tLeggi di pi\u00f9 \u00bb\t\t<\/a>\n\n\t\t\t\t<\/div>\n\t\t\t\t<\/article>\n\t\t\t\t<article class=\"elementor-post elementor-grid-item post-9370 post type-post status-publish format-standard hentry category-uncategorized\" role=\"listitem\">\n\t\t\t\t<div class=\"elementor-post__text\">\n\t\t\t\t<h3 class=\"elementor-post__title\">\n\t\t\t<a href=\"https:\/\/hidroingenia.com\/it\/elementor-9370\/\" >\n\t\t\t\tElementor #9370\t\t\t<\/a>\n\t\t<\/h3>\n\t\t\t\t<div class=\"elementor-post__meta-data\">\n\t\t\t\t\t<span class=\"elementor-post-date\">\n\t\t\tMarzo 30, 2026\t\t<\/span>\n\t\t\t\t<span class=\"elementor-post-avatar\">\n\t\t\tNessun commento\t\t<\/span>\n\t\t\t\t<\/div>\n\t\t\n\t\t<a class=\"elementor-post__read-more\" href=\"https:\/\/hidroingenia.com\/it\/elementor-9370\/\" aria-label=\"Leggi tutto Elementor #9370\" tabindex=\"-1\" >\n\t\t\tLeggi di pi\u00f9 \u00bb\t\t<\/a>\n\n\t\t\t\t<\/div>\n\t\t\t\t<\/article>\n\t\t\t\t<article class=\"elementor-post elementor-grid-item post-6685 post type-post status-publish format-standard has-post-thumbnail hentry category-blog\" role=\"listitem\">\n\t\t\t\t<a class=\"elementor-post__thumbnail__link\" href=\"https:\/\/hidroingenia.com\/it\/como-disenar-piscinas-naturales-eficientes-claves-para-un-proyecto-sostenible-y-funcional\/\" tabindex=\"-1\" >\n\t\t\t<div class=\"elementor-post__thumbnail\"><img decoding=\"async\" width=\"300\" height=\"169\" src=\"https:\/\/hidroingenia.com\/wp-content\/uploads\/2025\/09\/BLOG-21-300x169.png\" class=\"attachment-medium size-medium wp-image-6687\" alt=\"\" srcset=\"https:\/\/hidroingenia.com\/wp-content\/uploads\/2025\/09\/BLOG-21-300x169.png 300w, https:\/\/hidroingenia.com\/wp-content\/uploads\/2025\/09\/BLOG-21-1024x576.png 1024w, https:\/\/hidroingenia.com\/wp-content\/uploads\/2025\/09\/BLOG-21-768x432.png 768w, https:\/\/hidroingenia.com\/wp-content\/uploads\/2025\/09\/BLOG-21-1536x864.png 1536w, https:\/\/hidroingenia.com\/wp-content\/uploads\/2025\/09\/BLOG-21-2048x1152.png 2048w\" sizes=\"(max-width: 300px) 100vw, 300px\" \/><\/div>\n\t\t<\/a>\n\t\t\t\t<div class=\"elementor-post__text\">\n\t\t\t\t<h3 class=\"elementor-post__title\">\n\t\t\t<a href=\"https:\/\/hidroingenia.com\/it\/como-disenar-piscinas-naturales-eficientes-claves-para-un-proyecto-sostenible-y-funcional\/\" >\n\t\t\t\tC\u00f3mo dise\u00f1ar piscinas naturales eficientes: Claves para un proyecto sostenible y funcional\t\t\t<\/a>\n\t\t<\/h3>\n\t\t\t\t<div class=\"elementor-post__meta-data\">\n\t\t\t\t\t<span class=\"elementor-post-date\">\n\t\t\tMarzo 27, 2026\t\t<\/span>\n\t\t\t\t<span class=\"elementor-post-avatar\">\n\t\t\tNessun commento\t\t<\/span>\n\t\t\t\t<\/div>\n\t\t\n\t\t<a class=\"elementor-post__read-more\" href=\"https:\/\/hidroingenia.com\/it\/como-disenar-piscinas-naturales-eficientes-claves-para-un-proyecto-sostenible-y-funcional\/\" aria-label=\"Leggi tutto C\u00f3mo dise\u00f1ar piscinas naturales eficientes: Claves para un proyecto sostenible y funcional\" tabindex=\"-1\" >\n\t\t\tLeggi di pi\u00f9 \u00bb\t\t<\/a>\n\n\t\t\t\t<\/div>\n\t\t\t\t<\/article>\n\t\t\t\t<article class=\"elementor-post elementor-grid-item post-7560 post type-post status-publish format-standard has-post-thumbnail hentry category-blog\" role=\"listitem\">\n\t\t\t\t<a class=\"elementor-post__thumbnail__link\" href=\"https:\/\/hidroingenia.com\/it\/parques-acuaticos-diversion-atracciones-y-proyectos-unicos\/\" tabindex=\"-1\" >\n\t\t\t<div class=\"elementor-post__thumbnail\"><img loading=\"lazy\" decoding=\"async\" width=\"300\" height=\"169\" src=\"https:\/\/hidroingenia.com\/wp-content\/uploads\/2025\/10\/BLOG-21-300x169.webp\" class=\"attachment-medium size-medium wp-image-7565\" alt=\"\" srcset=\"https:\/\/hidroingenia.com\/wp-content\/uploads\/2025\/10\/BLOG-21-300x169.webp 300w, https:\/\/hidroingenia.com\/wp-content\/uploads\/2025\/10\/BLOG-21-1024x576.webp 1024w, https:\/\/hidroingenia.com\/wp-content\/uploads\/2025\/10\/BLOG-21-768x432.webp 768w, https:\/\/hidroingenia.com\/wp-content\/uploads\/2025\/10\/BLOG-21-1536x864.webp 1536w, https:\/\/hidroingenia.com\/wp-content\/uploads\/2025\/10\/BLOG-21-2048x1152.webp 2048w\" sizes=\"(max-width: 300px) 100vw, 300px\" \/><\/div>\n\t\t<\/a>\n\t\t\t\t<div class=\"elementor-post__text\">\n\t\t\t\t<h3 class=\"elementor-post__title\">\n\t\t\t<a href=\"https:\/\/hidroingenia.com\/it\/parques-acuaticos-diversion-atracciones-y-proyectos-unicos\/\" >\n\t\t\t\tParques acu\u00e1ticos: diversi\u00f3n, atracciones y proyectos \u00fanicos\t\t\t<\/a>\n\t\t<\/h3>\n\t\t\t\t<div class=\"elementor-post__meta-data\">\n\t\t\t\t\t<span class=\"elementor-post-date\">\n\t\t\tMarzo 13, 2026\t\t<\/span>\n\t\t\t\t<span class=\"elementor-post-avatar\">\n\t\t\tNessun commento\t\t<\/span>\n\t\t\t\t<\/div>\n\t\t\n\t\t<a class=\"elementor-post__read-more\" href=\"https:\/\/hidroingenia.com\/it\/parques-acuaticos-diversion-atracciones-y-proyectos-unicos\/\" aria-label=\"Leggi tutto Parques acu\u00e1ticos: diversi\u00f3n, atracciones y proyectos \u00fanicos\" tabindex=\"-1\" >\n\t\t\tLeggi di pi\u00f9 \u00bb\t\t<\/a>\n\n\t\t\t\t<\/div>\n\t\t\t\t<\/article>\n\t\t\t\t<article class=\"elementor-post elementor-grid-item post-9232 post type-post status-publish format-standard hentry category-uncategorized\" role=\"listitem\">\n\t\t\t\t<div class=\"elementor-post__text\">\n\t\t\t\t<h3 class=\"elementor-post__title\">\n\t\t\t<a href=\"https:\/\/hidroingenia.com\/it\/parque-del-ahogadero\/\" >\n\t\t\t\tPARQUE DEL AHOGADERO\t\t\t<\/a>\n\t\t<\/h3>\n\t\t\t\t<div class=\"elementor-post__meta-data\">\n\t\t\t\t\t<span class=\"elementor-post-date\">\n\t\t\tMarzo 10, 2026\t\t<\/span>\n\t\t\t\t<span class=\"elementor-post-avatar\">\n\t\t\tNessun commento\t\t<\/span>\n\t\t\t\t<\/div>\n\t\t\n\t\t<a class=\"elementor-post__read-more\" href=\"https:\/\/hidroingenia.com\/it\/parque-del-ahogadero\/\" aria-label=\"Leggi tutto PARQUE DEL AHOGADERO\" tabindex=\"-1\" >\n\t\t\tLeggi di pi\u00f9 \u00bb\t\t<\/a>\n\n\t\t\t\t<\/div>\n\t\t\t\t<\/article>\n\t\t\t\t<article class=\"elementor-post elementor-grid-item post-9221 post type-post status-publish format-standard hentry category-uncategorized\" role=\"listitem\">\n\t\t\t\t<div class=\"elementor-post__text\">\n\t\t\t\t<h3 class=\"elementor-post__title\">\n\t\t\t<a href=\"https:\/\/hidroingenia.com\/it\/costa-bayview-torrox\/\" >\n\t\t\t\tCOSTA BAYVIEW TORROX\t\t\t<\/a>\n\t\t<\/h3>\n\t\t\t\t<div class=\"elementor-post__meta-data\">\n\t\t\t\t\t<span class=\"elementor-post-date\">\n\t\t\tMarzo 10, 2026\t\t<\/span>\n\t\t\t\t<span class=\"elementor-post-avatar\">\n\t\t\tNessun commento\t\t<\/span>\n\t\t\t\t<\/div>\n\t\t\n\t\t<a class=\"elementor-post__read-more\" href=\"https:\/\/hidroingenia.com\/it\/costa-bayview-torrox\/\" aria-label=\"Leggi tutto COSTA BAYVIEW TORROX\" tabindex=\"-1\" >\n\t\t\tLeggi di pi\u00f9 \u00bb\t\t<\/a>\n\n\t\t\t\t<\/div>\n\t\t\t\t<\/article>\n\t\t\t\t<article class=\"elementor-post elementor-grid-item post-9199 post type-post status-publish format-standard hentry category-uncategorized\" role=\"listitem\">\n\t\t\t\t<div class=\"elementor-post__text\">\n\t\t\t\t<h3 class=\"elementor-post__title\">\n\t\t\t<a href=\"https:\/\/hidroingenia.com\/it\/north-gorge-gibraltar\/\" >\n\t\t\t\tGOLA NORD GIBILTERRA\t\t\t<\/a>\n\t\t<\/h3>\n\t\t\t\t<div class=\"elementor-post__meta-data\">\n\t\t\t\t\t<span class=\"elementor-post-date\">\n\t\t\tMarzo 10, 2026\t\t<\/span>\n\t\t\t\t<span class=\"elementor-post-avatar\">\n\t\t\tNessun commento\t\t<\/span>\n\t\t\t\t<\/div>\n\t\t\n\t\t<a class=\"elementor-post__read-more\" href=\"https:\/\/hidroingenia.com\/it\/north-gorge-gibraltar\/\" aria-label=\"Leggi tutto NORTH GORGE GIBRALTAR\" tabindex=\"-1\" >\n\t\t\tLeggi di pi\u00f9 \u00bb\t\t<\/a>\n\n\t\t\t\t<\/div>\n\t\t\t\t<\/article>\n\t\t\t\t<\/div>\n\t\t\n\t\t\t\t\t\t<\/div>\n\t\t\t\t<\/div>\n\t\t\t\t\t<\/div>\n\t\t\t\t<\/div>\n\t\t\t\t<\/div>","protected":false},"excerpt":{"rendered":"<p>Blog<\/p>","protected":false},"author":1,"featured_media":0,"parent":0,"menu_order":0,"comment_status":"closed","ping_status":"closed","template":"","meta":{"footnotes":""},"class_list":["post-552","page","type-page","status-publish","hentry"],"_links":{"self":[{"href":"https:\/\/hidroingenia.com\/it\/wp-json\/wp\/v2\/pages\/552","targetHints":{"allow":["GET"]}}],"collection":[{"href":"https:\/\/hidroingenia.com\/it\/wp-json\/wp\/v2\/pages"}],"about":[{"href":"https:\/\/hidroingenia.com\/it\/wp-json\/wp\/v2\/types\/page"}],"author":[{"embeddable":true,"href":"https:\/\/hidroingenia.com\/it\/wp-json\/wp\/v2\/users\/1"}],"replies":[{"embeddable":true,"href":"https:\/\/hidroingenia.com\/it\/wp-json\/wp\/v2\/comments?post=552"}],"version-history":[{"count":4,"href":"https:\/\/hidroingenia.com\/it\/wp-json\/wp\/v2\/pages\/552\/revisions"}],"predecessor-version":[{"id":6002,"href":"https:\/\/hidroingenia.com\/it\/wp-json\/wp\/v2\/pages\/552\/revisions\/6002"}],"wp:attachment":[{"href":"https:\/\/hidroingenia.com\/it\/wp-json\/wp\/v2\/media?parent=552"}],"curies":[{"name":"wp","href":"https:\/\/api.w.org\/{rel}","templated":true}]}}